{"id":21780,"date":"2018-04-03T13:59:08","date_gmt":"2018-04-03T16:59:08","guid":{"rendered":"http:\/\/diamantina.cedeplar.ufmg.br\/2018\/?page_id=21780"},"modified":"2019-05-31T12:13:04","modified_gmt":"2019-05-31T15:13:04","slug":"chamada-trabalhos","status":"publish","type":"page","link":"https:\/\/diamantina.cedeplar.ufmg.br\/2019\/chamada-trabalhos\/","title":{"rendered":"Chamada para Trabalhos"},"content":{"rendered":"<p>[vc_row row_type=&#8221;row&#8221; use_row_as_full_screen_section=&#8221;no&#8221; type=&#8221;full_width&#8221; text_align=&#8221;left&#8221; background_animation=&#8221;none&#8221; css_animation=&#8221;&#8221; css=&#8221;.vc_custom_1523117783783{margin-top: 70px !important;padding-top: 40px !important;padding-bottom: 20px !important;}&#8221;][vc_column][vc_column_text css=&#8221;.vc_custom_1554252356403{margin-bottom: 6px !important;}&#8221;]<\/p>\n<h6 style=\"text-align: center;\">18\u00ba Semin\u00e1rio sobre a Economia Mineira \u2022 Diamantina, 2019<\/h6>\n<p>[\/vc_column_text][vc_column_text]<\/p>\n<h2 style=\"text-align: center;\">Chamada para Trabalhos<\/h2>\n<p>[\/vc_column_text][vc_separator type=&#8221;small&#8221; position=&#8221;center&#8221; color=&#8221;#999999&#8243; border_style=&#8221;solid&#8221; thickness=&#8221;5px&#8221; up=&#8221;15px&#8221; down=&#8221;15px&#8221;][\/vc_column][\/vc_row][vc_row row_type=&#8221;row&#8221; use_row_as_full_screen_section=&#8221;no&#8221; type=&#8221;full_width&#8221; text_align=&#8221;left&#8221; background_animation=&#8221;none&#8221; css_animation=&#8221;&#8221; css=&#8221;.vc_custom_1522786410880{padding-top: 30px !important;padding-right: 10% !important;padding-bottom: 20px !important;padding-left: 10% !important;}&#8221;][vc_column][vc_accordion active_tab=&#8221;false&#8221; collapsible=&#8221;yes&#8221; style=&#8221;boxed_accordion&#8221;][vc_accordion_tab title=&#8221;Normas e Formata\u00e7\u00e3o&#8221; title_tag=&#8221;h3&#8243;][vc_column_text]<\/p>\n<h5>\u00c1reas Tem\u00e1ticas<\/h5>\n<p>Os trabalhos dever\u00e3o ser submetidos a uma das \u00e1reas listadas a seguir:<\/p>\n<ol>\n<li>Hist\u00f3ria Econ\u00f4mica, do Pensamento Econ\u00f4mico e Demografia Hist\u00f3rica<\/li>\n<li>Teoria Econ\u00f4mica e Economia Aplicada<\/li>\n<li>Demografia<\/li>\n<li>Pol\u00edticas P\u00fablicas<\/li>\n<li>Rela\u00e7\u00f5es Econ\u00f4micas Internacionais<\/li>\n<li>Crise da Minera\u00e7\u00e3o<\/li>\n<\/ol>\n<p>[\/vc_column_text][vc_separator type=&#8221;transparent&#8221; border_style=&#8221;&#8221; thickness=&#8221;1&#8243; up=&#8221;20&#8243; down=&#8221;0&#8243;][vc_column_text]<\/p>\n<h5>Conte\u00fado<\/h5>\n<p>\u2022 A folha de rosto deve conter o t\u00edtulo do trabalho, o nome do(s) autor(es), sua filia\u00e7\u00e3o institucional, resumo do texto com at\u00e9 100 palavras acompanhado de 3 a 5 palavras-chave, a indica\u00e7\u00e3o da \u00e1rea tem\u00e1tica \u00e0 qual o texto est\u00e1 sendo submetido (ver as seis \u00e1reas listadas acima), e informa\u00e7\u00f5es sobre financiamento ou apoio recebido.<br \/>\n\u2022 M\u00e1ximo de 10.000 palavras, incluindo tabelas, mapas, gr\u00e1ficos, refer\u00eancias bibliogr\u00e1ficas e anexos;[\/vc_column_text][vc_separator type=&#8221;transparent&#8221; border_style=&#8221;&#8221; thickness=&#8221;1&#8243; up=&#8221;20&#8243; down=&#8221;0&#8243;][vc_column_text]<\/p>\n<h5>Layout e Formata\u00e7\u00e3o<\/h5>\n<ul>\n<li>formato do papel: A4;<\/li>\n<li>fonte do texto: <em>Times New Roman<\/em>, tamanho 12;<\/li>\n<li>espa\u00e7amento entre linhas: simples;<\/li>\n<li>margens: laterais, inferior e superior com pelo menos 2 cm;<\/li>\n<\/ul>\n<p>[\/vc_column_text][vc_separator type=&#8221;transparent&#8221; border_style=&#8221;&#8221; thickness=&#8221;1&#8243; up=&#8221;20&#8243; down=&#8221;0&#8243;][vc_column_text]<\/p>\n<h5>Formato de Arquivo<\/h5>\n<p>O arquivo eletr\u00f4nico deve ser enviado no formato Microsoft Word 6.0 ou superior (.doc ou .docx) ou Portable Document Format (.pdf).[\/vc_column_text][vc_separator type=&#8221;transparent&#8221; border_style=&#8221;&#8221; thickness=&#8221;1&#8243; up=&#8221;20&#8243; down=&#8221;0&#8243;][\/vc_accordion_tab][vc_accordion_tab title=&#8221;Termos e Condi\u00e7\u00f5es Gerais&#8221; title_tag=&#8221;h3&#8243;][vc_column_text]<\/p>\n<ol>\n<li>Os trabalhos aceitos ser\u00e3o publicados no Caderno de Resumos e nos Anais do Semin\u00e1rio. O conte\u00fado apresentado \u00e9 de inteira responsabilidade do(s) autor(es).<\/li>\n<li>O envio do resumo ser\u00e1 exclusivamente online. N\u00e3o ser\u00e3o aceitos resumos enviados por e-mail ou em qualquer outro formato.<\/li>\n<li>N\u00e3o ser\u00e3o aceitos trabalhos enviados fora do padr\u00e3o especificado ou com formata\u00e7\u00e3o inadequada.<\/li>\n<li>N\u00e3o ser\u00e3o aceitos trabalhos enviados fora do prazo de submiss\u00e3o.<\/li>\n<\/ol>\n<p>[\/vc_column_text][vc_separator type=&#8221;transparent&#8221; border_style=&#8221;&#8221; thickness=&#8221;1&#8243; up=&#8221;20&#8243; down=&#8221;0&#8243;][vc_column_text]<\/p>\n<h5>Prazo para Submiss\u00e3o de Trabalhos<\/h5>\n<p>A data limite para submiss\u00e3o de trabalhos \u00e9 22 de maio de 2019 (meia noite do hor\u00e1rio de Bras\u00edlia).[\/vc_column_text][vc_separator type=&#8221;transparent&#8221; border_style=&#8221;&#8221; thickness=&#8221;1&#8243; up=&#8221;20&#8243; down=&#8221;0&#8243;][vc_column_text]<\/p>\n<h5>Modalidades de Apresenta\u00e7\u00e3o<\/h5>\n<p>Os trabalhos que n\u00e3o forem selecionados para as sess\u00f5es tem\u00e1ticas poder\u00e3o ser indicados pela comiss\u00e3o cient\u00edfica para apresenta\u00e7\u00e3o na forma de p\u00f4ster.[\/vc_column_text][vc_separator type=&#8221;transparent&#8221; border_style=&#8221;&#8221; thickness=&#8221;1&#8243; up=&#8221;20&#8243; down=&#8221;0&#8243;][\/vc_accordion_tab][\/vc_accordion][\/vc_column][\/vc_row][vc_row row_type=&#8221;row&#8221; use_row_as_full_screen_section=&#8221;no&#8221; type=&#8221;full_width&#8221; text_align=&#8221;left&#8221; background_color=&#8221;#f5f5f5&#8243; background_animation=&#8221;none&#8221; css_animation=&#8221;&#8221; css=&#8221;.vc_custom_1522789092029{margin-top: 20px !important;margin-bottom: 20px !important;padding-top: 30px !important;padding-right: 10% !important;padding-bottom: 20px !important;padding-left: 10% !important;}&#8221;][vc_column][vc_column_text css=&#8221;.vc_custom_1522788221867{padding-top: 20px !important;padding-bottom: 10px !important;}&#8221;]<\/p>\n<h3 style=\"text-align: center;\">Acesso para Autores<\/h3>\n<p>[\/vc_column_text][vc_row_inner row_type=&#8221;row&#8221; type=&#8221;grid&#8221; use_row_as_full_screen_section_slide=&#8221;no&#8221; text_align=&#8221;left&#8221; background_color=&#8221;#f5f5f5&#8243; padding_top=&#8221;20&#8243; padding_bottom=&#8221;10&#8243; css_animation=&#8221;&#8221;][vc_column_inner width=&#8221;1\/2&#8243;]<div class='q_icon_with_title medium circle'><div class=\"icon_holder \" style=\" \"><div class=\"icon_holder_inner\"><span class=\"fa-stack fa-3x  custom-font\" style=\"background-color: #393939;\"><i class=\"icon_text_icon fa fa-user-plus fa-stack-1x\"><\/i><\/span><\/div><\/div><div class=\"icon_text_holder\" style=\"\"><div class=\"icon_text_inner\" style=\"\"><h4 class=\"icon_title\" style=\"\"><\/h4><p style=''>Se voc\u00ea ainda n\u00e3o possui nome de usu\u00e1rio e senha para o site, efetue o Registro.<\/p><a class='icon_with_title_link' href='\/2019\/usuario\/registro-autores\/' target='_blank' style=''><\/p>\n<h6>Registrar-se como Autor<\/h6>\n<p><\/a><\/div><\/div><\/div><div class='q_icon_with_title medium circle'><div class=\"icon_holder \" style=\" \"><div class=\"icon_holder_inner\"><span class=\"fa-stack fa-3x  custom-font\" style=\"background-color: #393939;\"><i class=\"icon_text_icon fa fa-user-o fa-stack-1x\"><\/i><\/span><\/div><\/div><div class=\"icon_text_holder\" style=\"\"><div class=\"icon_text_inner\" style=\"\"><h4 class=\"icon_title\" style=\"\"><\/h4><p style=''>Caso j\u00e1 tenha se registrado, fa\u00e7a login no sistema utilizando seus dados de usu\u00e1rio e senha.<\/p><a class='icon_with_title_link' href='\/2019\/usuario\/painel\/' target='_blank' style=''><\/p>\n<h6>Fazer Login<\/h6>\n<p><\/a><\/div><\/div><\/div>[\/vc_column_inner][vc_column_inner width=&#8221;1\/2&#8243;]<div class='q_icon_with_title medium circle'><div class=\"icon_holder \" style=\" \"><div class=\"icon_holder_inner\"><span class=\"fa-stack fa-3x  custom-font\" style=\"background-color: #393939;\"><i class=\"icon_text_icon fa fa-file-text fa-stack-1x\"><\/i><\/span><\/div><\/div><div class=\"icon_text_holder\" style=\"\"><div class=\"icon_text_inner\" style=\"\"><h4 class=\"icon_title\" style=\"\"><\/h4><p style=''>Ap\u00f3s fazer login no sistema, acesse a \u00e1rea de Submiss\u00e3o de Trabalhos.<\/p><a class='icon_with_title_link' href='\/2019\/usuario\/sistema-submissao\/' target='_blank' style=''><\/p>\n<h6>Submeter Trabalho<\/h6>\n<p><\/a><\/div><\/div><\/div><div class='q_icon_with_title medium circle'><div class=\"icon_holder \" style=\" \"><div class=\"icon_holder_inner\"><span class=\"fa-stack fa-3x  custom-font\" style=\"background-color: #393939;\"><i class=\"icon_text_icon fa fa-folder-open fa-stack-1x\"><\/i><\/span><\/div><\/div><div class=\"icon_text_holder\" style=\"\"><div class=\"icon_text_inner\" style=\"\"><h4 class=\"icon_title\" style=\"\"><\/h4><p style=''>Voc\u00ea tamb\u00e9m pode gerenciar seus dados de cadastro e seus trabalhos j\u00e1 submetidos<\/p><a class='icon_with_title_link' href='\/2019\/usuario\/painel\/' target='_blank' style=''><\/p>\n<h6>Painel de Usu\u00e1rio<\/h6>\n<p><\/a><\/div><\/div><\/div>[\/vc_column_inner][\/vc_row_inner][\/vc_column][\/vc_row][vc_row row_type=&#8221;row&#8221; use_row_as_full_screen_section=&#8221;no&#8221; type=&#8221;full_width&#8221; text_align=&#8221;left&#8221; background_color=&#8221;#f5f5f5&#8243; background_animation=&#8221;none&#8221; css_animation=&#8221;&#8221; css=&#8221;.vc_custom_1522789092029{margin-top: 20px !important;margin-bottom: 20px !important;padding-top: 30px !important;padding-right: 10% !important;padding-bottom: 20px !important;padding-left: 10% !important;}&#8221;][vc_column][vc_column_text css=&#8221;.vc_custom_1522785733195{padding-top: 20px !important;padding-bottom: 10px !important;}&#8221;]<\/p>\n<h3 style=\"text-align: center;\">Acesso para Membros da Comiss\u00e3o Cient\u00edfica<\/h3>\n<p>[\/vc_column_text][vc_row_inner row_type=&#8221;row&#8221; type=&#8221;grid&#8221; use_row_as_full_screen_section_slide=&#8221;no&#8221; text_align=&#8221;left&#8221; background_color=&#8221;#f5f5f5&#8243; padding_top=&#8221;20&#8243; padding_bottom=&#8221;10&#8243; css_animation=&#8221;&#8221;][vc_column_inner width=&#8221;1\/2&#8243;]<div class='q_icon_with_title medium circle'><div class=\"icon_holder \" style=\" \"><div class=\"icon_holder_inner\"><span class=\"fa-stack fa-3x  custom-font\" style=\"background-color: #393939;\"><i class=\"icon_text_icon fa fa-id-card fa-stack-1x\"><\/i><\/span><\/div><\/div><div class=\"icon_text_holder\" style=\"\"><div class=\"icon_text_inner\" style=\"\"><h4 class=\"icon_title\" style=\"\"><\/h4><p style=''>Se voc\u00ea faz parte da Comiss\u00e3o Cient\u00edfica e ainda n\u00e3o possui nome de usu\u00e1rio e senha para o site, efetue o Registro.<\/p><a class='icon_with_title_link' href='\/2019\/usuario\/registro-revisores\/' target='_blank' style=''><\/p>\n<h6>Registrar-se como Revisor<\/h6>\n<p><\/a><\/div><\/div><\/div><div class='q_icon_with_title medium circle'><div class=\"icon_holder \" style=\" \"><div class=\"icon_holder_inner\"><span class=\"fa-stack fa-3x  custom-font\" style=\"background-color: #393939;\"><i class=\"icon_text_icon fa fa-pencil fa-stack-1x\"><\/i><\/span><\/div><\/div><div class=\"icon_text_holder\" style=\"\"><div class=\"icon_text_inner\" style=\"\"><h4 class=\"icon_title\" style=\"\"><\/h4><p style=''>Se voc\u00ea \u00e9 um Revisor e j\u00e1 possui nome de usu\u00e1rio e senha, acesse a plataforma para revis\u00e3o de trabalhos.<\/p><a class='icon_with_title_link' href='\/2019\/usuario\/sistema-submissao\/' target='_blank' style=''><\/p>\n<h6>Acesso Revisores<\/h6>\n<p><\/a><\/div><\/div><\/div>[\/vc_column_inner][vc_column_inner width=&#8221;1\/2&#8243;]<div class='q_icon_with_title medium circle'><div class=\"icon_holder \" style=\" \"><div class=\"icon_holder_inner\"><span class=\"fa-stack fa-3x  custom-font\" style=\"background-color: #393939;\"><i class=\"icon_text_icon fa fa-file-text fa-stack-1x\"><\/i><\/span><\/div><\/div><div class=\"icon_text_holder\" style=\"\"><div class=\"icon_text_inner\" style=\"\"><h4 class=\"icon_title\" style=\"\"><\/h4><p style=''>Voc\u00ea pode submeter trabalhos acessando a \u00e1rea de Submiss\u00e3o de Trabalhos.<\/p><a class='icon_with_title_link' href='\/2019\/usuario\/sistema-submissao\/' target='_blank' style=''><\/p>\n<h6>Submeter Trabalho<\/h6>\n<p><\/a><\/div><\/div><\/div><div class='q_icon_with_title medium circle'><div class=\"icon_holder \" style=\" \"><div class=\"icon_holder_inner\"><span class=\"fa-stack fa-3x  custom-font\" style=\"background-color: #393939;\"><i class=\"icon_text_icon fa fa-folder-open fa-stack-1x\"><\/i><\/span><\/div><\/div><div class=\"icon_text_holder\" style=\"\"><div class=\"icon_text_inner\" style=\"\"><h4 class=\"icon_title\" style=\"\"><\/h4><p style=''>Voc\u00ea tamb\u00e9m pode gerenciar seus dados de cadastro e seus trabalhos j\u00e1 submetidos<\/p><a class='icon_with_title_link' href='\/2019\/usuario\/painel-revisor\/' target='_blank' style=''><\/p>\n<h6>Painel de Usu\u00e1rio<\/h6>\n<p><\/a><\/div><\/div><\/div>[\/vc_column_inner][\/vc_row_inner][\/vc_column][\/vc_row][vc_row row_type=&#8221;row&#8221; use_row_as_full_screen_section=&#8221;no&#8221; type=&#8221;full_width&#8221; text_align=&#8221;left&#8221; background_animation=&#8221;none&#8221; css_animation=&#8221;&#8221;][vc_column][vc_empty_space height=&#8221;40px&#8221;][\/vc_column][\/vc_row]<\/p>\n","protected":false},"excerpt":{"rendered":"<p>[vc_row row_type=&#8221;row&#8221; use_row_as_full_screen_section=&#8221;no&#8221; type=&#8221;full_width&#8221; text_align=&#8221;left&#8221; background_animation=&#8221;none&#8221; css_animation=&#8221;&#8221; css=&#8221;.vc_custom_1523117783783{margin-top: 70px !important;padding-top: 40px !important;padding-bottom: 20px !important;}&#8221;][vc_column][vc_column_text css=&#8221;.vc_custom_1554252356403{margin-bottom: 6px !important;}&#8221;] 18\u00ba Semin\u00e1rio sobre a Economia Mineira \u2022 Diamantina, 2019 [\/vc_column_text][vc_column_text] Chamada para Trabalhos [\/vc_column_text][vc_separator type=&#8221;small&#8221; position=&#8221;center&#8221; color=&#8221;#999999&#8243; border_style=&#8221;solid&#8221; thickness=&#8221;5px&#8221; up=&#8221;15px&#8221; down=&#8221;15px&#8221;][\/vc_column][\/vc_row][vc_row row_type=&#8221;row&#8221; use_row_as_full_screen_section=&#8221;no&#8221; type=&#8221;full_width&#8221; text_align=&#8221;left&#8221; background_animation=&#8221;none&#8221; css_animation=&#8221;&#8221; css=&#8221;.vc_custom_1522786410880{padding-top:&#8230;<\/p>\n","protected":false},"author":1,"featured_media":0,"parent":0,"menu_order":0,"comment_status":"closed","ping_status":"closed","template":"full_width.php","meta":{"footnotes":""},"_links":{"self":[{"href":"https:\/\/diamantina.cedeplar.ufmg.br\/2019\/wp-json\/wp\/v2\/pages\/21780"}],"collection":[{"href":"https:\/\/diamantina.cedeplar.ufmg.br\/2019\/wp-json\/wp\/v2\/pages"}],"about":[{"href":"https:\/\/diamantina.cedeplar.ufmg.br\/2019\/wp-json\/wp\/v2\/types\/page"}],"author":[{"embeddable":true,"href":"https:\/\/diamantina.cedeplar.ufmg.br\/2019\/wp-json\/wp\/v2\/users\/1"}],"replies":[{"embeddable":true,"href":"https:\/\/diamantina.cedeplar.ufmg.br\/2019\/wp-json\/wp\/v2\/comments?post=21780"}],"version-history":[{"count":7,"href":"https:\/\/diamantina.cedeplar.ufmg.br\/2019\/wp-json\/wp\/v2\/pages\/21780\/revisions"}],"predecessor-version":[{"id":23379,"href":"https:\/\/diamantina.cedeplar.ufmg.br\/2019\/wp-json\/wp\/v2\/pages\/21780\/revisions\/23379"}],"wp:attachment":[{"href":"https:\/\/diamantina.cedeplar.ufmg.br\/2019\/wp-json\/wp\/v2\/media?parent=21780"}],"curies":[{"name":"wp","href":"https:\/\/api.w.org\/{rel}","templated":true}]}}