{"id":21855,"date":"2018-04-03T18:10:45","date_gmt":"2018-04-03T21:10:45","guid":{"rendered":"http:\/\/diamantina.cedeplar.ufmg.br\/2018\/?page_id=21855"},"modified":"2019-08-23T10:19:38","modified_gmt":"2019-08-23T13:19:38","slug":"sobre-2","status":"publish","type":"page","link":"https:\/\/diamantina.cedeplar.ufmg.br\/2019\/","title":{"rendered":"In\u00edcio"},"content":{"rendered":"<p>[vc_row row_type=&#8221;row&#8221; use_row_as_full_screen_section=&#8221;no&#8221; type=&#8221;full_width&#8221; text_align=&#8221;left&#8221; background_animation=&#8221;none&#8221; css_animation=&#8221;&#8221; css=&#8221;.vc_custom_1563443863700{padding-top: 40px !important;}&#8221;][vc_column][vc_gallery interval=&#8221;3&#8243; images=&#8221;23433&#8243; img_size=&#8221;full&#8221; onclick=&#8221;custom_link&#8221; custom_links_target=&#8221;_blank&#8221; custom_links=&#8221;#E-8_aHR0cHMlM0ElMkYlMkZ3d3cuc3ltcGxhLmNvbS5iciUyRnh2aWktc2VtaW5hcmlvLXNvYnJlLWEtZWNvbm9taWEtbWluZWlyYS0tLWRpYW1hbnRpbmEtMjAxOV9fNTc4NjM4&#8243;][\/vc_column][\/vc_row][vc_row row_type=&#8221;row&#8221; use_row_as_full_screen_section=&#8221;no&#8221; type=&#8221;full_width&#8221; text_align=&#8221;left&#8221; background_animation=&#8221;none&#8221; css_animation=&#8221;&#8221; css=&#8221;.vc_custom_1563371766640{margin-top: 10px !important;padding-top: 5px !important;padding-right: 15% !important;padding-bottom: 20px !important;padding-left: 15% !important;}&#8221;][vc_column][vc_separator type=&#8221;normal&#8221; border_style=&#8221;&#8221;][vc_column_text css=&#8221;.vc_custom_1553789549136{margin-bottom: 6px !important;padding-top: 20px !important;}&#8221;]<\/p>\n<h3 style=\"text-align: center;\">\u201cA crise da Minera\u00e7\u00e3o e as perspectivas Econ\u00f4micas, Sociais e Ambientais de Minas Gerais e Brasil\u201d<\/h3>\n<p>[\/vc_column_text][vc_separator type=&#8221;normal&#8221; border_style=&#8221;&#8221;][\/vc_column][\/vc_row][vc_row row_type=&#8221;row&#8221; use_row_as_full_screen_section=&#8221;no&#8221; type=&#8221;full_width&#8221; text_align=&#8221;left&#8221; background_animation=&#8221;none&#8221; css_animation=&#8221;&#8221; css=&#8221;.vc_custom_1553794293074{padding-top: 30px !important;padding-right: 15% !important;padding-bottom: 20px !important;padding-left: 15% !important;background-color: #f2f2f2 !important;}&#8221;][vc_column][vc_column_text css=&#8221;.vc_custom_1564837208735{padding-top: 30px !important;padding-bottom: 30px !important;}&#8221;]<\/p>\n<h2 style=\"text-align: center;\"><strong>Sobre o Semin\u00e1rio<\/strong><\/h2>\n<p style=\"text-align: left;\">Originalmente criado para refletir sobre Minas Gerais, o evento, realizado pela primeira vez em 1982 se ampliou para o \u00e2mbito nacional e internacional o escopo de suas discuss\u00f5es. Este ano, ap\u00f3s as trag\u00e9dias ocorridas em Mariana e em Brumadinho, o tema da crise da minera\u00e7\u00e3o em Minas Gerais e no Brasil ser\u00e1 objeto de profunda reflex\u00e3o.<\/p>\n<blockquote>\n<p style=\"text-align: center;\"><em><strong>&#8220;Noventa por cento de ferro nas cal\u00e7adas.<\/strong><\/em><br \/>\n<em><strong>Oitenta por cento de ferro nas almas.&#8221;<\/strong><\/em><\/p>\n<\/blockquote>\n<p style=\"text-align: center;\">[Carlos Drummond de Andrade]<\/p>\n<p style=\"text-align: left;\">Assim, nesta 18\u00aa edi\u00e7\u00e3o, \u00e9 em torno do tema da crise da minera\u00e7\u00e3o que o semin\u00e1rio tamb\u00e9m pretende motivar reflex\u00e3o cr\u00edtica sobre aspectos centrais da superposi\u00e7\u00e3o de crises, que se abatem hoje a realidade mineira e brasileira. Destacam-se a profunda crise do estado de Minas Gerais e do pa\u00eds, assim como profunda crise internacional, a um tempo, econ\u00f4mica, pol\u00edtica, ambiental, geopol\u00edtica, humanit\u00e1ria, que se reflete em aprofundamento das desigualdades sociais, em desemprego e precariza\u00e7\u00e3o do trabalho, em crise ambiental, em crise humanit\u00e1ria sob a forma de migra\u00e7\u00f5es for\u00e7adas, de intensos fluxos de refugiados, de viol\u00eancia e intoler\u00e2ncia, que amea\u00e7am a democracia e a paz.<\/p>\n<p style=\"text-align: center;\">em parceria com o<\/p>\n<p><center><img decoding=\"async\" src=\"https:\/\/diamantina.cedeplar.ufmg.br\/2019\/wp-content\/uploads\/2019\/08\/logo-seminc381rio3.png\" width=\"70%\" \/><\/center><\/p>\n<h3 style=\"text-align: center;\">V Semin\u00e1rio Nacional Popula\u00e7\u00e3o Espa\u00e7o e Ambiente \u2013 19 e 20\/08\/2019<\/h3>\n<h6 style=\"text-align: center; font-style: italic; padding-top: 5px;\">\u201cPol\u00edticas p\u00fablicas, din\u00e2mica populacional e ambiente: dilemas da sustentabilidade e do desenvolvimento\u201d<\/h6>\n<p>O evento ocorrer\u00e1 nos dias 19 e 20 de agosto de 2019, na Casa da Gl\u00f3ria, em Diamantina-MG. Com o tema geral \u201cPol\u00edticas p\u00fablicas, din\u00e2mica populacional e ambiente: dilemas da sustentabilidade e do desenvolvimento\u201d o evento de 2019 coloca no centro da discuss\u00e3o a intersec\u00e7\u00e3o entre os estudos populacionais e suas rela\u00e7\u00f5es com a din\u00e2mica ambiental e com as pol\u00edticas p\u00fablicas.<\/p>\n<p><a href=\"https:\/\/seminariopopea558982540.wordpress.com\/\">https:\/\/seminariopopea558982540.wordpress.com\/<\/a>[\/vc_column_text][vc_separator type=&#8221;normal&#8221; border_style=&#8221;&#8221;][vc_column_text css=&#8221;.vc_custom_1566169465632{margin-bottom: 6px !important;padding-top: 20px !important;}&#8221;]<\/p>\n<h4 style=\"text-align: center;\"><a href=\"https:\/\/diamantina.cedeplar.ufmg.br\/2019\/lista-de-onibus\/\">Confira a lista dos \u00f4nibus<\/a><\/h4>\n<p>[\/vc_column_text][vc_separator type=&#8221;normal&#8221; border_style=&#8221;&#8221;][\/vc_column][\/vc_row][vc_row row_type=&#8221;row&#8221; use_row_as_full_screen_section=&#8221;no&#8221; type=&#8221;full_width&#8221; text_align=&#8221;left&#8221; background_animation=&#8221;none&#8221; padding_bottom=&#8221;60&#8243; css_animation=&#8221;&#8221; css=&#8221;.vc_custom_1566180187099{padding-top: 30px !important;padding-right: 15% !important;padding-bottom: 20px !important;padding-left: 15% !important;background-color: #f2f2f2 !important;}&#8221;][vc_column][vc_column_text css=&#8221;.vc_custom_1566252719534{padding-top: 30px !important;padding-bottom: 30px !important;}&#8221;]<\/p>\n<h2 style=\"text-align: center;\"><strong>Programa e Caderno de Resumos<\/strong><\/h2>\n<p>[\/vc_column_text][vc_single_image image=&#8221;23598&#8243; img_size=&#8221;large&#8221; alignment=&#8221;center&#8221; onclick=&#8221;custom_link&#8221; img_link_target=&#8221;_blank&#8221; qode_css_animation=&#8221;&#8221; link=&#8221;https:\/\/diamantina.cedeplar.ufmg.br\/pdf\/PROGRAMA-Diamantina-2019-atualizado.pdf&#8221;][vc_column_text]<\/p>\n<p style=\"text-align: center;\">Download do <strong>Programa<\/strong>\u00a0 &#8211;\u00a0\u00a0<a href=\"https:\/\/diamantina.cedeplar.ufmg.br\/pdf\/PROGRAMA-Diamantina-2019-atualizado.pdf\"><img loading=\"lazy\" decoding=\"async\" class=\"alignnone size-medium wp-image-23565\" src=\"https:\/\/diamantina.cedeplar.ufmg.br\/2019\/wp-content\/uploads\/2019\/08\/ICONES-01-300x270.png\" alt=\"download da vers\u00e3o desktop\" width=\"30\" height=\"27\" srcset=\"https:\/\/diamantina.cedeplar.ufmg.br\/2019\/wp-content\/uploads\/2019\/08\/ICONES-01-300x270.png 300w, https:\/\/diamantina.cedeplar.ufmg.br\/2019\/wp-content\/uploads\/2019\/08\/ICONES-01-550x498.png 550w, https:\/\/diamantina.cedeplar.ufmg.br\/2019\/wp-content\/uploads\/2019\/08\/ICONES-01-480x434.png 480w, https:\/\/diamantina.cedeplar.ufmg.br\/2019\/wp-content\/uploads\/2019\/08\/ICONES-01-125x112.png 125w, https:\/\/diamantina.cedeplar.ufmg.br\/2019\/wp-content\/uploads\/2019\/08\/ICONES-01.png 591w\" sizes=\"(max-width: 30px) 100vw, 30px\" \/><\/a><a href=\"https:\/\/diamantina.cedeplar.ufmg.br\/pdf\/PROGRAMA-Diamantina-2019-mobile-atualizado.pdf\"><img loading=\"lazy\" decoding=\"async\" class=\"alignnone size-medium wp-image-23567\" src=\"https:\/\/diamantina.cedeplar.ufmg.br\/2019\/wp-content\/uploads\/2019\/08\/ICONES-02-1-300x270.png\" alt=\"download da vers\u00e3o mobile\" width=\"30\" height=\"27\" srcset=\"https:\/\/diamantina.cedeplar.ufmg.br\/2019\/wp-content\/uploads\/2019\/08\/ICONES-02-1-300x270.png 300w, https:\/\/diamantina.cedeplar.ufmg.br\/2019\/wp-content\/uploads\/2019\/08\/ICONES-02-1-550x498.png 550w, https:\/\/diamantina.cedeplar.ufmg.br\/2019\/wp-content\/uploads\/2019\/08\/ICONES-02-1-480x434.png 480w, https:\/\/diamantina.cedeplar.ufmg.br\/2019\/wp-content\/uploads\/2019\/08\/ICONES-02-1-125x112.png 125w, https:\/\/diamantina.cedeplar.ufmg.br\/2019\/wp-content\/uploads\/2019\/08\/ICONES-02-1.png 591w\" sizes=\"(max-width: 30px) 100vw, 30px\" \/><\/a><\/p>\n<p>[\/vc_column_text][vc_separator type=&#8221;normal&#8221; border_style=&#8221;&#8221;][vc_single_image image=&#8221;23644&#8243; img_size=&#8221;large&#8221; alignment=&#8221;center&#8221; onclick=&#8221;custom_link&#8221; img_link_target=&#8221;_blank&#8221; qode_css_animation=&#8221;&#8221; link=&#8221;https:\/\/diamantina.cedeplar.ufmg.br\/2019\/wp-content\/uploads\/2019\/08\/CadernoResumos_Diamantina2019_desktop.pdf&#8221;][vc_column_text]<\/p>\n<p style=\"text-align: center;\">Download do <strong>Caderno de Resumos<\/strong>\u00a0 &#8211;\u00a0\u00a0<a href=\"https:\/\/diamantina.cedeplar.ufmg.br\/2019\/wp-content\/uploads\/2019\/08\/CadernoResumos_Diamantina2019_desktop.pdf\"><img loading=\"lazy\" decoding=\"async\" class=\"alignnone size-medium wp-image-23565\" src=\"https:\/\/diamantina.cedeplar.ufmg.br\/2019\/wp-content\/uploads\/2019\/08\/ICONES-01-300x270.png\" alt=\"download da vers\u00e3o desktop\" width=\"30\" height=\"27\" srcset=\"https:\/\/diamantina.cedeplar.ufmg.br\/2019\/wp-content\/uploads\/2019\/08\/ICONES-01-300x270.png 300w, https:\/\/diamantina.cedeplar.ufmg.br\/2019\/wp-content\/uploads\/2019\/08\/ICONES-01-550x498.png 550w, https:\/\/diamantina.cedeplar.ufmg.br\/2019\/wp-content\/uploads\/2019\/08\/ICONES-01-480x434.png 480w, https:\/\/diamantina.cedeplar.ufmg.br\/2019\/wp-content\/uploads\/2019\/08\/ICONES-01-125x112.png 125w, https:\/\/diamantina.cedeplar.ufmg.br\/2019\/wp-content\/uploads\/2019\/08\/ICONES-01.png 591w\" sizes=\"(max-width: 30px) 100vw, 30px\" \/><\/a><a href=\"https:\/\/diamantina.cedeplar.ufmg.br\/2019\/wp-content\/uploads\/2019\/08\/CadernoResumos_Diamantina2019_mobile.pdf\"><img loading=\"lazy\" decoding=\"async\" class=\"alignnone size-medium wp-image-23567\" src=\"https:\/\/diamantina.cedeplar.ufmg.br\/2019\/wp-content\/uploads\/2019\/08\/ICONES-02-1-300x270.png\" alt=\"download da vers\u00e3o mobile\" width=\"30\" height=\"27\" srcset=\"https:\/\/diamantina.cedeplar.ufmg.br\/2019\/wp-content\/uploads\/2019\/08\/ICONES-02-1-300x270.png 300w, https:\/\/diamantina.cedeplar.ufmg.br\/2019\/wp-content\/uploads\/2019\/08\/ICONES-02-1-550x498.png 550w, https:\/\/diamantina.cedeplar.ufmg.br\/2019\/wp-content\/uploads\/2019\/08\/ICONES-02-1-480x434.png 480w, https:\/\/diamantina.cedeplar.ufmg.br\/2019\/wp-content\/uploads\/2019\/08\/ICONES-02-1-125x112.png 125w, https:\/\/diamantina.cedeplar.ufmg.br\/2019\/wp-content\/uploads\/2019\/08\/ICONES-02-1.png 591w\" sizes=\"(max-width: 30px) 100vw, 30px\" \/><\/a><\/p>\n<p>[\/vc_column_text][vc_separator type=&#8221;normal&#8221; border_style=&#8221;&#8221;][vc_single_image image=&#8221;23605&#8243; img_size=&#8221;large&#8221; alignment=&#8221;center&#8221; onclick=&#8221;custom_link&#8221; img_link_target=&#8221;_blank&#8221; qode_css_animation=&#8221;&#8221; link=&#8221;https:\/\/diamantina.cedeplar.ufmg.br\/pdf\/PROGRAMA-CADERNO-RESUMO-Diamantina-2019-atualizado.pdf&#8221;][vc_column_text]<\/p>\n<p style=\"text-align: center;\">Download do <strong>Programa + Caderno de Resumos<\/strong>\u00a0 &#8211;\u00a0\u00a0<a href=\"https:\/\/diamantina.cedeplar.ufmg.br\/pdf\/PROGRAMA-CADERNO-RESUMO-Diamantina-2019-atualizado.pdf\"><img loading=\"lazy\" decoding=\"async\" class=\"alignnone size-medium wp-image-23565\" src=\"https:\/\/diamantina.cedeplar.ufmg.br\/2019\/wp-content\/uploads\/2019\/08\/ICONES-01-300x270.png\" alt=\"download da vers\u00e3o desktop\" width=\"30\" height=\"27\" srcset=\"https:\/\/diamantina.cedeplar.ufmg.br\/2019\/wp-content\/uploads\/2019\/08\/ICONES-01-300x270.png 300w, https:\/\/diamantina.cedeplar.ufmg.br\/2019\/wp-content\/uploads\/2019\/08\/ICONES-01-550x498.png 550w, https:\/\/diamantina.cedeplar.ufmg.br\/2019\/wp-content\/uploads\/2019\/08\/ICONES-01-480x434.png 480w, https:\/\/diamantina.cedeplar.ufmg.br\/2019\/wp-content\/uploads\/2019\/08\/ICONES-01-125x112.png 125w, https:\/\/diamantina.cedeplar.ufmg.br\/2019\/wp-content\/uploads\/2019\/08\/ICONES-01.png 591w\" sizes=\"(max-width: 30px) 100vw, 30px\" \/><\/a><a href=\"https:\/\/diamantina.cedeplar.ufmg.br\/pdf\/PROGRAMA-CADERNO-RESUMO-Diamantina-2019-atualizado.pdf\"><img loading=\"lazy\" decoding=\"async\" class=\"alignnone size-medium wp-image-23567\" src=\"https:\/\/diamantina.cedeplar.ufmg.br\/2019\/wp-content\/uploads\/2019\/08\/ICONES-02-1-300x270.png\" alt=\"download da vers\u00e3o mobile\" width=\"30\" height=\"27\" srcset=\"https:\/\/diamantina.cedeplar.ufmg.br\/2019\/wp-content\/uploads\/2019\/08\/ICONES-02-1-300x270.png 300w, https:\/\/diamantina.cedeplar.ufmg.br\/2019\/wp-content\/uploads\/2019\/08\/ICONES-02-1-550x498.png 550w, https:\/\/diamantina.cedeplar.ufmg.br\/2019\/wp-content\/uploads\/2019\/08\/ICONES-02-1-480x434.png 480w, https:\/\/diamantina.cedeplar.ufmg.br\/2019\/wp-content\/uploads\/2019\/08\/ICONES-02-1-125x112.png 125w, https:\/\/diamantina.cedeplar.ufmg.br\/2019\/wp-content\/uploads\/2019\/08\/ICONES-02-1.png 591w\" sizes=\"(max-width: 30px) 100vw, 30px\" \/><\/a><\/p>\n<p>[\/vc_column_text][vc_separator type=&#8221;normal&#8221; border_style=&#8221;&#8221;][\/vc_column][\/vc_row][vc_row row_type=&#8221;row&#8221; use_row_as_full_screen_section=&#8221;no&#8221; type=&#8221;full_width&#8221; text_align=&#8221;left&#8221; background_animation=&#8221;none&#8221; css_animation=&#8221;&#8221; css=&#8221;.vc_custom_1553794293074{padding-top: 30px !important;padding-right: 15% !important;padding-bottom: 20px !important;padding-left: 15% !important;background-color: #f2f2f2 !important;}&#8221;][vc_column][vc_column_text css=&#8221;.vc_custom_1566169103695{padding-top: 30px !important;padding-bottom: 30px !important;}&#8221;]<\/p>\n<h3 style=\"text-align: left; margin: 15px 0px;\"><strong>Informa\u00e7\u00f5es<\/strong><\/h3>\n<ul style=\"margin-left: 25px;\">\n<li><strong>Data: <\/strong>19 a 23 de agosto de 2019<\/li>\n<li><strong>Local:\u00a0<\/strong>Instituto Casa da Gl\u00f3ria<\/li>\n<li><strong>Endere\u00e7o:\u00a0<\/strong>Rua da Gl\u00f3ria, 298, Diamantina, MG Centro<\/li>\n<li><strong>Inscri\u00e7\u00e3o: <\/strong> <a href=\"https:\/\/www.sympla.com.br\/18-seminario-de-diamantina---2019__578638\">Fa\u00e7a agora<\/a><\/li>\n<li><strong>Programa\u00e7\u00e3o: <\/strong> <a href=\"https:\/\/diamantina.cedeplar.ufmg.br\/2019\/wp-content\/uploads\/2019\/08\/Programacao-18-Seminario-de-Diamantina2.pdf\" target=\"_blank\" rel=\"noopener\">Acessar Programa\u00e7\u00e3o<\/a><\/li>\n<li><strong>Lista de Hot\u00e9is: <\/strong><a href=\"https:\/\/diamantina.cedeplar.ufmg.br\/2019\/wp-content\/uploads\/2019\/07\/Hoteis.pdf\">Acesse agora<\/a><\/li>\n<\/ul>\n<p>[\/vc_column_text][vc_column_text css=&#8221;.vc_custom_1563456300205{padding-top: 0px !important;padding-bottom: 30px !important;}&#8221;]<\/p>\n<h3 style=\"text-align: left;\"><strong>Datas Importantes<\/strong><\/h3>\n<p><strong>Semin\u00e1rio:<\/strong>\u00a019 de agosto a 23 de agosto de 2019<\/p>\n<p><strong>Submiss\u00e3o de Trabalhos:<\/strong>\u00a015 de maio a 22 de maio de 2019<br \/>\n<strong>Divulga\u00e7\u00e3o de Resultados:<\/strong>\u00a010 de Junho de 2018<\/p>\n<p><strong>Data Limite para Inscri\u00e7\u00f5es Online:<\/strong>\u00a015 de agosto de 2019[\/vc_column_text][vc_separator type=&#8221;normal&#8221; border_style=&#8221;&#8221;][\/vc_column][\/vc_row][vc_row row_type=&#8221;row&#8221; use_row_as_full_screen_section=&#8221;no&#8221; type=&#8221;full_width&#8221; text_align=&#8221;left&#8221; background_animation=&#8221;none&#8221; css_animation=&#8221;&#8221; css=&#8221;.vc_custom_1553794293074{padding-top: 30px !important;padding-right: 15% !important;padding-bottom: 20px !important;padding-left: 15% !important;background-color: #f2f2f2 !important;}&#8221;][vc_column][vc_column_text css=&#8221;.vc_custom_1563446630279{padding-top: 30px !important;padding-bottom: 30px !important;}&#8221;]<\/p>\n<h3 style=\"text-align: center;\"><strong>Temas<\/strong><\/h3>\n<p>Os trabalhos submetidos \u00e0 sele\u00e7\u00e3o dever\u00e3o ter Minas Gerais como foco dos temas abordados. Eles devem consistir de textos completos, destinados \u00e0 apresenta\u00e7\u00e3o em sess\u00f5es tem\u00e1ticas ou, eventualmente, na forma de poster. Cada trabalho dever\u00e1 ser submetido a uma das quatro \u00e1reas seguintes:<\/p>\n<h5>1. Hist\u00f3ria Econ\u00f4mica, do Pensamento Econ\u00f4mico e Demografia Hist\u00f3rica<\/h5>\n<p>T\u00f3picos como sistemas escravistas, fam\u00edlia e cotidiano, urbaniza\u00e7\u00e3o e comercio, ind\u00fastria e processo de trabalho, espa\u00e7o econ\u00f4mico e din\u00e2mica demogr\u00e1fica, em temporalidades distintas, do s\u00e9culo XVIII ao XX, assim como pesquisas relacionadas \u00e0 hist\u00f3ria do pensamento econ\u00f4mico e social de forma ampla.<\/p>\n<h5 style=\"text-align: left;\">2. Teoria Econ\u00f4mica e Economia Aplicada<\/h5>\n<p>\u00c1reas de economia da ci\u00eancia, tecnologia e inova\u00e7\u00e3o, desenvolvimento, economia regional e urbana, economia do trabalho, economia da educa\u00e7\u00e3o e economia da sa\u00fade, pobreza e desigualdade, finan\u00e7as publicas, agricultura, ind\u00fastria e servi\u00e7os, economia da cultura, economia do meio ambiente, macroeconomia aplicada.<\/p>\n<h5>3. Demografia<\/h5>\n<p>Migra\u00e7\u00e3o, comportamento reprodutivo, mortalidade, popula\u00e7\u00e3o e sa\u00fade, demografia econ\u00f4mica, popula\u00e7\u00e3o e mudan\u00e7as clim\u00e1ticas, demografia da fam\u00edlia, envelhecimento, demografia da educa\u00e7\u00e3o, sistemas de previd\u00eancia, povos ind\u00edgenas, entre outros temas.<\/p>\n<h5>4. Pol\u00edticas P\u00fablicas e Planejamento Regional e Urbano<\/h5>\n<p>Avalia\u00e7\u00e3o de pol\u00edticas p\u00fablicas, popula\u00e7\u00e3o e pol\u00edticas p\u00fablicas, pol\u00edticas p\u00fablicas e desenvolvimento, planejamento urbano, planejamento regional, pol\u00edticas territoriais, entre outros temas.<\/p>\n<h5>5. Rela\u00e7\u00f5es Econ\u00f4micas Internacionais<\/h5>\n<p>Economia Pol\u00edtica Internacional, transforma\u00e7\u00f5es geopol\u00edticas globais, blocos econ\u00f4micos e integra\u00e7\u00e3o, institui\u00e7\u00f5es multilaterais, com\u00e9rcio internacional, migra\u00e7\u00f5es internacionais, entre outros temas.<\/p>\n<h5>6. Crise da Minera\u00e7\u00e3o<\/h5>\n<p>Economia mineral; Minera\u00e7\u00e3o e Desenvolvimento; Minera\u00e7\u00e3o e sustentabilidade s\u00f3cio-ambiental; Mudan\u00e7a Tecnol\u00f3gica na Minera\u00e7\u00e3o; Minera\u00e7\u00e3o e vulnerabilidade socioecon\u00f4mica; Minera\u00e7\u00e3o: maldi\u00e7\u00e3o ou d\u00e1diva; Territ\u00f3rios mineradores; Modelos mineradores no mundo; Reconvers\u00e3o de territ\u00f3rios mineradores.[\/vc_column_text][\/vc_column][\/vc_row][vc_row row_type=&#8221;row&#8221; use_row_as_full_screen_section=&#8221;no&#8221; type=&#8221;full_width&#8221; text_align=&#8221;left&#8221; background_animation=&#8221;none&#8221; padding_top=&#8221;40px&#8221; padding_bottom=&#8221;40px&#8221; css_animation=&#8221;&#8221;][vc_column][vc_separator type=&#8221;normal&#8221; border_style=&#8221;&#8221;][\/vc_column][\/vc_row][vc_row row_type=&#8221;row&#8221; use_row_as_full_screen_section=&#8221;no&#8221; type=&#8221;grid&#8221; text_align=&#8221;left&#8221; background_color=&#8221;#ffffff&#8221; background_animation=&#8221;none&#8221; padding_top=&#8221;50&#8243; padding_bottom=&#8221;40&#8243; css_animation=&#8221;&#8221; css=&#8221;.vc_custom_1523113510773{padding-right: 10% !important;padding-left: 10% !important;}&#8221;][vc_column][vc_column_text css=&#8221;.vc_custom_1553791592880{padding-top: 20px !important;padding-bottom: 6px !important;}&#8221;]<\/p>\n<h3 style=\"text-align: center;\">Informa\u00e7\u00f5es e Contato<\/h3>\n<p>[\/vc_column_text][vc_row_inner row_type=&#8221;row&#8221; type=&#8221;full_width&#8221; use_row_as_full_screen_section_slide=&#8221;no&#8221; text_align=&#8221;left&#8221; css_animation=&#8221;&#8221;][vc_column_inner][vc_column_text css=&#8221;.vc_custom_1523291990553{padding-top: 20px !important;padding-bottom: 10px !important;}&#8221;]<\/p>\n<p style=\"text-align: center;\">Outras informa\u00e7\u00f5es poder\u00e3o ser obtidas no <a href=\"http:\/\/www.cedeplar.ufmg.br\">site do Cedeplar<\/a> ou pelo e-mail <strong>seminarios@cedeplar.ufmg.br<\/strong><\/p>\n<p>[\/vc_column_text][\/vc_column_inner][\/vc_row_inner][\/vc_column][\/vc_row]<\/p>\n","protected":false},"excerpt":{"rendered":"<p>[vc_row row_type=&#8221;row&#8221; use_row_as_full_screen_section=&#8221;no&#8221; type=&#8221;full_width&#8221; text_align=&#8221;left&#8221; background_animation=&#8221;none&#8221; css_animation=&#8221;&#8221; css=&#8221;.vc_custom_1563443863700{padding-top: 40px !important;}&#8221;][vc_column][vc_gallery interval=&#8221;3&#8243; images=&#8221;23433&#8243; img_size=&#8221;full&#8221; onclick=&#8221;custom_link&#8221; custom_links_target=&#8221;_blank&#8221; custom_links=&#8221;#E-8_aHR0cHMlM0ElMkYlMkZ3d3cuc3ltcGxhLmNvbS5iciUyRnh2aWktc2VtaW5hcmlvLXNvYnJlLWEtZWNvbm9taWEtbWluZWlyYS0tLWRpYW1hbnRpbmEtMjAxOV9fNTc4NjM4&#8243;][\/vc_column][\/vc_row][vc_row row_type=&#8221;row&#8221; use_row_as_full_screen_section=&#8221;no&#8221; type=&#8221;full_width&#8221; text_align=&#8221;left&#8221; background_animation=&#8221;none&#8221; css_animation=&#8221;&#8221; css=&#8221;.vc_custom_1563371766640{margin-top: 10px !important;padding-top: 5px !important;padding-right: 15% !important;padding-bottom: 20px !important;padding-left: 15% !important;}&#8221;][vc_column][vc_separator type=&#8221;normal&#8221; border_style=&#8221;&#8221;][vc_column_text css=&#8221;.vc_custom_1553789549136{margin-bottom: 6px !important;padding-top: 20px !important;}&#8221;] \u201cA crise da Minera\u00e7\u00e3o e&#8230;<\/p>\n","protected":false},"author":1,"featured_media":0,"parent":0,"menu_order":0,"comment_status":"closed","ping_status":"closed","template":"full_width.php","meta":{"footnotes":""},"_links":{"self":[{"href":"https:\/\/diamantina.cedeplar.ufmg.br\/2019\/wp-json\/wp\/v2\/pages\/21855"}],"collection":[{"href":"https:\/\/diamantina.cedeplar.ufmg.br\/2019\/wp-json\/wp\/v2\/pages"}],"about":[{"href":"https:\/\/diamantina.cedeplar.ufmg.br\/2019\/wp-json\/wp\/v2\/types\/page"}],"author":[{"embeddable":true,"href":"https:\/\/diamantina.cedeplar.ufmg.br\/2019\/wp-json\/wp\/v2\/users\/1"}],"replies":[{"embeddable":true,"href":"https:\/\/diamantina.cedeplar.ufmg.br\/2019\/wp-json\/wp\/v2\/comments?post=21855"}],"version-history":[{"count":135,"href":"https:\/\/diamantina.cedeplar.ufmg.br\/2019\/wp-json\/wp\/v2\/pages\/21855\/revisions"}],"predecessor-version":[{"id":23649,"href":"https:\/\/diamantina.cedeplar.ufmg.br\/2019\/wp-json\/wp\/v2\/pages\/21855\/revisions\/23649"}],"wp:attachment":[{"href":"https:\/\/diamantina.cedeplar.ufmg.br\/2019\/wp-json\/wp\/v2\/media?parent=21855"}],"curies":[{"name":"wp","href":"https:\/\/api.w.org\/{rel}","templated":true}]}}