{"id":23449,"date":"2019-07-18T07:05:09","date_gmt":"2019-07-18T10:05:09","guid":{"rendered":"https:\/\/diamantina.cedeplar.ufmg.br\/2019\/?page_id=23449"},"modified":"2019-07-30T17:06:52","modified_gmt":"2019-07-30T20:06:52","slug":"trabalhos-aprovados","status":"publish","type":"page","link":"https:\/\/diamantina.cedeplar.ufmg.br\/2019\/trabalhos-aprovados\/","title":{"rendered":"Trabalhos aprovados"},"content":{"rendered":"<p>[vc_row row_type=&#8221;row&#8221; use_row_as_full_screen_section=&#8221;no&#8221; type=&#8221;full_width&#8221; text_align=&#8221;left&#8221; background_animation=&#8221;none&#8221; css_animation=&#8221;&#8221; css=&#8221;.vc_custom_1563371766640{margin-top: 10px !important;padding-top: 5px !important;padding-right: 15% !important;padding-bottom: 20px !important;padding-left: 15% !important;}&#8221;][vc_column][vc_separator type=&#8221;normal&#8221; border_style=&#8221;&#8221;][vc_column_text css=&#8221;.vc_custom_1553789549136{margin-bottom: 6px !important;padding-top: 20px !important;}&#8221;]<\/p>\n<h3 style=\"text-align: center;\">\u201cA crise da Minera\u00e7\u00e3o e as perspectivas Econ\u00f4micas, Sociais e Ambientais de Minas Gerais e Brasil\u201d<\/h3>\n<p>[\/vc_column_text][vc_column_text css=&#8221;.vc_custom_1553789383464{margin-bottom: 6px !important;padding-top: 20px !important;padding-bottom: 20px !important;}&#8221;]<\/p>\n<h4 style=\"text-align: center;\">Economia, Demografia, Hist\u00f3ria, Pol\u00edticas P\u00fablicas, Rela\u00e7\u00f5es Econ\u00f4micas Internacionais e Crise da Minera\u00e7\u00e3o<\/h4>\n<p>[\/vc_column_text][vc_separator type=&#8221;normal&#8221; border_style=&#8221;&#8221;][\/vc_column][\/vc_row][vc_row row_type=&#8221;row&#8221; use_row_as_full_screen_section=&#8221;no&#8221; type=&#8221;full_width&#8221; text_align=&#8221;left&#8221; background_animation=&#8221;none&#8221; css_animation=&#8221;&#8221; css=&#8221;.vc_custom_1553794293074{padding-top: 30px !important;padding-right: 15% !important;padding-bottom: 20px !important;padding-left: 15% !important;background-color: #f2f2f2 !important;}&#8221;][vc_column el_id=&#8221;Aprovados&#8221;][vc_column_text css=&#8221;.vc_custom_1560210019981{padding-top: 30px !important;padding-bottom: 30px !important;}&#8221;]<\/p>\n<h2 style=\"text-align: center;\"><strong>Trabalhos Aprovados<\/strong><\/h2>\n<p>[\/vc_column_text][vc_separator type=&#8221;normal&#8221; border_style=&#8221;&#8221;][vc_column_text css=&#8221;.vc_custom_1563446553974{padding-top: 30px !important;padding-bottom: 30px !important;}&#8221;]<\/p>\n<h4>Histo\u0301ria Econo\u0302mica, do Pensamento Econo\u0302mico e Demografia Histo\u0301rica<\/h4>\n<p><a href=\"https:\/\/diamantina.cedeplar.ufmg.br\/2019\/wp-content\/uploads\/2019\/06\/Histo\u0301ria-Econo\u0302mica-do-Pensamento-Econo\u0302mico-e-Demografia-Histo\u0301rica.pdf\" class=\"pdfemb-viewer\" style=\"\" data-width=\"max\" data-height=\"max\" data-toolbar=\"bottom\" data-toolbar-fixed=\"off\">Histo\u0301ria Econo\u0302mica, do Pensamento Econo\u0302mico e Demografia Histo\u0301rica<\/a>[\/vc_column_text][vc_separator type=&#8221;normal&#8221; border_style=&#8221;&#8221;][vc_column_text css=&#8221;.vc_custom_1561642085762{padding-top: 30px !important;padding-bottom: 30px !important;}&#8221;]<\/p>\n<h4>Teoria Econo\u0302mica e Economia Aplicada<\/h4>\n<p><a href=\"https:\/\/diamantina.cedeplar.ufmg.br\/trabalhos\/2019\/Teoria-Economica-e-Economia-Aplicada-Site-13-06.pdf\" class=\"pdfemb-viewer\" style=\"\" data-width=\"max\" data-height=\"max\" data-toolbar=\"bottom\" data-toolbar-fixed=\"off\">Teoria Econo\u0302mica e Economia Aplicada - Site 13-06<\/a>[\/vc_column_text][vc_separator type=&#8221;normal&#8221; border_style=&#8221;&#8221;][vc_column_text css=&#8221;.vc_custom_1561642034059{padding-top: 30px !important;padding-bottom: 30px !important;}&#8221;]<\/p>\n<h4>Poli\u0301ticas Pu\u0301blicas e Planejamento Regional e Urbano<\/h4>\n<p><a href=\"https:\/\/diamantina.cedeplar.ufmg.br\/trabalhos\/2019\/Politicas-Publicas-e-Planejamento-Regional-e-Urbano-Site-13-06-19.pdf\" class=\"pdfemb-viewer\" style=\"\" data-width=\"max\" data-height=\"max\" data-toolbar=\"bottom\" data-toolbar-fixed=\"off\">Poli\u0301ticas Pu\u0301blicas e Planejamento Regional e Urbano - Site 13-06-19<\/a>[\/vc_column_text][vc_separator type=&#8221;normal&#8221; border_style=&#8221;&#8221;][vc_column_text css=&#8221;.vc_custom_1563289981277{padding-top: 30px !important;padding-bottom: 30px !important;}&#8221;]<\/p>\n<h4>Demografia<\/h4>\n<p><a href=\"https:\/\/diamantina.cedeplar.ufmg.br\/trabalhos\/2019\/Demografia-Site-11-06.pdf\" class=\"pdfemb-viewer\" style=\"\" data-width=\"max\" data-height=\"max\" data-toolbar=\"bottom\" data-toolbar-fixed=\"off\">Demografia<\/a>[\/vc_column_text][vc_separator type=&#8221;normal&#8221; border_style=&#8221;&#8221;][vc_column_text css=&#8221;.vc_custom_1560209880920{padding-top: 30px !important;padding-bottom: 30px !important;}&#8221;]<\/p>\n<h4>Relac\u0327o\u0303es Econo\u0302micas Internacionais<\/h4>\n<p style=\"text-align: left;\"><a href=\"https:\/\/diamantina.cedeplar.ufmg.br\/2019\/wp-content\/uploads\/2019\/06\/Relac\u0327o\u0303es-Econo\u0302micas-Internacionais.pdf\" class=\"pdfemb-viewer\" style=\"\" data-width=\"max\" data-height=\"max\" data-toolbar=\"bottom\" data-toolbar-fixed=\"off\">Relac\u0327o\u0303es Econo\u0302micas Internacionais<\/a><\/p>\n<p>[\/vc_column_text][vc_separator type=&#8221;normal&#8221; border_style=&#8221;&#8221;][vc_column_text css=&#8221;.vc_custom_1563444253374{padding-top: 30px !important;padding-bottom: 30px !important;}&#8221;]<\/p>\n<h4>Crise da Minerac\u0327a\u0303o<\/h4>\n<p><a href=\"https:\/\/diamantina.cedeplar.ufmg.br\/2019\/wp-content\/uploads\/2019\/06\/Crise-da-Minerac\u0327a\u0303o-Site-11-06.pdf\" class=\"pdfemb-viewer\" style=\"\" data-width=\"max\" data-height=\"max\" data-toolbar=\"bottom\" data-toolbar-fixed=\"off\">Crise da Minerac\u0327a\u0303o<\/a>[\/vc_column_text][vc_separator type=&#8221;normal&#8221; border_style=&#8221;&#8221;][vc_separator type=&#8221;normal&#8221; border_style=&#8221;&#8221;][\/vc_column][\/vc_row]<\/p>\n","protected":false},"excerpt":{"rendered":"<p>[vc_row row_type=&#8221;row&#8221; use_row_as_full_screen_section=&#8221;no&#8221; type=&#8221;full_width&#8221; text_align=&#8221;left&#8221; background_animation=&#8221;none&#8221; css_animation=&#8221;&#8221; css=&#8221;.vc_custom_1563371766640{margin-top: 10px !important;padding-top: 5px !important;padding-right: 15% !important;padding-bottom: 20px !important;padding-left: 15% !important;}&#8221;][vc_column][vc_separator type=&#8221;normal&#8221; border_style=&#8221;&#8221;][vc_column_text css=&#8221;.vc_custom_1553789549136{margin-bottom: 6px !important;padding-top: 20px !important;}&#8221;] \u201cA crise da Minera\u00e7\u00e3o e as perspectivas Econ\u00f4micas, Sociais e Ambientais de Minas Gerais e Brasil\u201d [\/vc_column_text][vc_column_text css=&#8221;.vc_custom_1553789383464{margin-bottom: 6px !important;padding-top:&#8230;<\/p>\n","protected":false},"author":1,"featured_media":0,"parent":0,"menu_order":0,"comment_status":"closed","ping_status":"closed","template":"full_width.php","meta":{"footnotes":""},"_links":{"self":[{"href":"https:\/\/diamantina.cedeplar.ufmg.br\/2019\/wp-json\/wp\/v2\/pages\/23449"}],"collection":[{"href":"https:\/\/diamantina.cedeplar.ufmg.br\/2019\/wp-json\/wp\/v2\/pages"}],"about":[{"href":"https:\/\/diamantina.cedeplar.ufmg.br\/2019\/wp-json\/wp\/v2\/types\/page"}],"author":[{"embeddable":true,"href":"https:\/\/diamantina.cedeplar.ufmg.br\/2019\/wp-json\/wp\/v2\/users\/1"}],"replies":[{"embeddable":true,"href":"https:\/\/diamantina.cedeplar.ufmg.br\/2019\/wp-json\/wp\/v2\/comments?post=23449"}],"version-history":[{"count":7,"href":"https:\/\/diamantina.cedeplar.ufmg.br\/2019\/wp-json\/wp\/v2\/pages\/23449\/revisions"}],"predecessor-version":[{"id":23517,"href":"https:\/\/diamantina.cedeplar.ufmg.br\/2019\/wp-json\/wp\/v2\/pages\/23449\/revisions\/23517"}],"wp:attachment":[{"href":"https:\/\/diamantina.cedeplar.ufmg.br\/2019\/wp-json\/wp\/v2\/media?parent=23449"}],"curies":[{"name":"wp","href":"https:\/\/api.w.org\/{rel}","templated":true}]}}