{"id":23653,"date":"2019-10-01T17:56:04","date_gmt":"2019-10-01T20:56:04","guid":{"rendered":"https:\/\/diamantina.cedeplar.ufmg.br\/2019\/?page_id=23653"},"modified":"2019-10-01T19:11:54","modified_gmt":"2019-10-01T22:11:54","slug":"certificados-participantes","status":"publish","type":"page","link":"https:\/\/diamantina.cedeplar.ufmg.br\/2019\/certificados-participantes\/","title":{"rendered":"Certificados"},"content":{"rendered":"<p>[vc_row row_type=&#8221;row&#8221; use_row_as_full_screen_section=&#8221;no&#8221; type=&#8221;full_width&#8221; text_align=&#8221;center&#8221; background_animation=&#8221;none&#8221; padding_bottom=&#8221;60&#8243; css_animation=&#8221;&#8221; css=&#8221;.vc_custom_1569967856466{padding-top: 30px !important;padding-right: 15% !important;padding-bottom: 40px !important;padding-left: 15% !important;background-color: #f2f2f2 !important;}&#8221;][vc_column][vc_column_text css=&#8221;.vc_custom_1569964109485{padding-top: 30px !important;padding-bottom: 30px !important;}&#8221;]<\/p>\n<h1 style=\"text-align: center;\"><strong>Certificados<\/strong><\/h1>\n<p>[\/vc_column_text][vc_separator type=&#8221;normal&#8221; border_style=&#8221;&#8221; up=&#8221;40&#8243; down=&#8221;40&#8243;][vc_column_text css=&#8221;.vc_custom_1569964272587{padding-bottom: 40px !important;}&#8221;]Os certificados para os participantes desta 18\u00aa edi\u00e7\u00e3o do Semin\u00e1rio de Diamantina j\u00e1 est\u00e3o dispon\u00edveis.[\/vc_column_text]<a href=\"https:\/\/diamantina.cedeplar.ufmg.br\/2019\/certificados\/\" target=\"_blank\"  class=\"qbutton  large\" style=\"\">Plataforma de Certificados<\/a>[vc_separator type=&#8221;normal&#8221; border_style=&#8221;&#8221; up=&#8221;40&#8243; down=&#8221;40&#8243;][\/vc_column][\/vc_row][vc_row row_type=&#8221;row&#8221; use_row_as_full_screen_section=&#8221;no&#8221; type=&#8221;full_width&#8221; text_align=&#8221;left&#8221; background_animation=&#8221;none&#8221; padding_bottom=&#8221;60&#8243; css_animation=&#8221;&#8221; css=&#8221;.vc_custom_1569967834279{padding-top: 30px !important;padding-right: 15% !important;padding-bottom: 40px !important;padding-left: 15% !important;background-color: #f2f2f2 !important;}&#8221;][vc_column][vc_column_text]<\/p>\n<h5>Como Acessar meu Certificado?<\/h5>\n<p><strong>Se este for seu primeiro acesso:<\/strong><\/p>\n<p>Acesse <a href=\"https:\/\/diamantina.cedeplar.ufmg.br\/2019\/certificados\/?rp=req\">este link<\/a> e utilize o email com o qual voc\u00ea se registrou no Semin\u00e1rio para obter\/recuperar sua senha.<\/p>\n<p>&nbsp;<\/p>\n<p><strong>Se voc\u00ea j\u00e1 fez o procedimento acima:<\/strong><\/p>\n<p>Se voc\u00ea j\u00e1 gerou uma senha atrav\u00e9s do procedimento acima, acesse a Plataforma de Certificados do Semin\u00e1rio clicando <a href=\"https:\/\/diamantina.cedeplar.ufmg.br\/2019\/certificados\/\">neste link<\/a>.[\/vc_column_text][vc_separator type=&#8221;normal&#8221; border_style=&#8221;&#8221; up=&#8221;40&#8243; down=&#8221;40&#8243;][vc_column_text]<\/p>\n<h5>Problemas de Acesso?<\/h5>\n<p><strong>Usu\u00e1rio n\u00e3o registrado<\/strong><\/p>\n<p>Se voc\u00ea receber a mensagem seguinte:<br \/>\n<em>&#8220;N\u00e3o h\u00e1 nenhum usu\u00e1rio registrado com esse endere\u00e7o de email.&#8221;<\/em><br \/>\nentre em contato via email com <strong>seminarios@cedeplar.ufmg.br<\/strong><\/p>\n<p>&nbsp;<\/p>\n<p><strong>Certificado n\u00e3o dispon\u00edvel<\/strong><\/p>\n<p>Se voc\u00ea participou do Semin\u00e1rio e acessou o sistema corretamente, por\u00e9m n\u00e3o encontrou seu certificado:<br \/>\nentre em contato via email com <strong>seminarios@cedeplar.ufmg.br<\/strong>[\/vc_column_text][vc_separator type=&#8221;normal&#8221; border_style=&#8221;&#8221; up=&#8221;40&#8243; down=&#8221;40&#8243;][\/vc_column][\/vc_row]<\/p>\n","protected":false},"excerpt":{"rendered":"<p>[vc_row row_type=&#8221;row&#8221; use_row_as_full_screen_section=&#8221;no&#8221; type=&#8221;full_width&#8221; text_align=&#8221;center&#8221; background_animation=&#8221;none&#8221; padding_bottom=&#8221;60&#8243; css_animation=&#8221;&#8221; css=&#8221;.vc_custom_1569967856466{padding-top: 30px !important;padding-right: 15% !important;padding-bottom: 40px !important;padding-left: 15% !important;background-color: #f2f2f2 !important;}&#8221;][vc_column][vc_column_text css=&#8221;.vc_custom_1569964109485{padding-top: 30px !important;padding-bottom: 30px !important;}&#8221;] Certificados [\/vc_column_text][vc_separator type=&#8221;normal&#8221; border_style=&#8221;&#8221; up=&#8221;40&#8243; down=&#8221;40&#8243;][vc_column_text css=&#8221;.vc_custom_1569964272587{padding-bottom: 40px !important;}&#8221;]Os certificados para os participantes desta 18\u00aa edi\u00e7\u00e3o do Semin\u00e1rio de Diamantina j\u00e1&#8230;<\/p>\n","protected":false},"author":2,"featured_media":0,"parent":0,"menu_order":0,"comment_status":"closed","ping_status":"closed","template":"full_width.php","meta":{"footnotes":""},"_links":{"self":[{"href":"https:\/\/diamantina.cedeplar.ufmg.br\/2019\/wp-json\/wp\/v2\/pages\/23653"}],"collection":[{"href":"https:\/\/diamantina.cedeplar.ufmg.br\/2019\/wp-json\/wp\/v2\/pages"}],"about":[{"href":"https:\/\/diamantina.cedeplar.ufmg.br\/2019\/wp-json\/wp\/v2\/types\/page"}],"author":[{"embeddable":true,"href":"https:\/\/diamantina.cedeplar.ufmg.br\/2019\/wp-json\/wp\/v2\/users\/2"}],"replies":[{"embeddable":true,"href":"https:\/\/diamantina.cedeplar.ufmg.br\/2019\/wp-json\/wp\/v2\/comments?post=23653"}],"version-history":[{"count":22,"href":"https:\/\/diamantina.cedeplar.ufmg.br\/2019\/wp-json\/wp\/v2\/pages\/23653\/revisions"}],"predecessor-version":[{"id":23675,"href":"https:\/\/diamantina.cedeplar.ufmg.br\/2019\/wp-json\/wp\/v2\/pages\/23653\/revisions\/23675"}],"wp:attachment":[{"href":"https:\/\/diamantina.cedeplar.ufmg.br\/2019\/wp-json\/wp\/v2\/media?parent=23653"}],"curies":[{"name":"wp","href":"https:\/\/api.w.org\/{rel}","templated":true}]}}