{"id":1182,"date":"2024-06-03T18:04:45","date_gmt":"2024-06-03T21:04:45","guid":{"rendered":"https:\/\/diamantina.cedeplar.ufmg.br\/2024\/?page_id=1182"},"modified":"2024-08-21T02:50:12","modified_gmt":"2024-08-21T05:50:12","slug":"programacao-2","status":"publish","type":"page","link":"https:\/\/diamantina.cedeplar.ufmg.br\/2024\/programacao-2\/","title":{"rendered":"Programa\u00e7\u00e3o"},"content":{"rendered":"\t\t<div data-elementor-type=\"wp-page\" data-elementor-id=\"1182\" class=\"elementor elementor-1182\" data-elementor-post-type=\"page\">\n\t\t\t\t<div class=\"elementor-element elementor-element-950ecd7 e-con-full e-flex e-con e-parent\" data-id=\"950ecd7\" data-element_type=\"container\" data-settings=\"{&quot;background_background&quot;:&quot;classic&quot;}\">\n\t\t\t\t<\/div>\n\t\t<div class=\"elementor-element elementor-element-09fae3e e-flex e-con-boxed e-con e-parent\" data-id=\"09fae3e\" data-element_type=\"container\" data-settings=\"{&quot;background_background&quot;:&quot;classic&quot;}\">\n\t\t\t\t\t<div class=\"e-con-inner\">\n\t\t\t\t<div class=\"elementor-element elementor-element-4084c76 elementor-widget elementor-widget-spacer\" data-id=\"4084c76\" data-element_type=\"widget\" data-widget_type=\"spacer.default\">\n\t\t\t\t<div class=\"elementor-widget-container\">\n\t\t\t<style>\/*! elementor - v3.21.0 - 24-04-2024 *\/\n.elementor-column .elementor-spacer-inner{height:var(--spacer-size)}.e-con{--container-widget-width:100%}.e-con-inner>.elementor-widget-spacer,.e-con>.elementor-widget-spacer{width:var(--container-widget-width,var(--spacer-size));--align-self:var(--container-widget-align-self,initial);--flex-shrink:0}.e-con-inner>.elementor-widget-spacer>.elementor-widget-container,.e-con>.elementor-widget-spacer>.elementor-widget-container{height:100%;width:100%}.e-con-inner>.elementor-widget-spacer>.elementor-widget-container>.elementor-spacer,.e-con>.elementor-widget-spacer>.elementor-widget-container>.elementor-spacer{height:100%}.e-con-inner>.elementor-widget-spacer>.elementor-widget-container>.elementor-spacer>.elementor-spacer-inner,.e-con>.elementor-widget-spacer>.elementor-widget-container>.elementor-spacer>.elementor-spacer-inner{height:var(--container-widget-height,var(--spacer-size))}.e-con-inner>.elementor-widget-spacer.elementor-widget-empty,.e-con>.elementor-widget-spacer.elementor-widget-empty{position:relative;min-height:22px;min-width:22px}.e-con-inner>.elementor-widget-spacer.elementor-widget-empty .elementor-widget-empty-icon,.e-con>.elementor-widget-spacer.elementor-widget-empty .elementor-widget-empty-icon{position:absolute;top:0;bottom:0;left:0;right:0;margin:auto;padding:0;width:22px;height:22px}<\/style>\t\t<div class=\"elementor-spacer\">\n\t\t\t<div class=\"elementor-spacer-inner\"><\/div>\n\t\t<\/div>\n\t\t\t\t<\/div>\n\t\t\t\t<\/div>\n\t\t\t\t<div class=\"elementor-element elementor-element-1ca5f80 elementor-widget__width-initial elementor-widget elementor-widget-heading\" data-id=\"1ca5f80\" data-element_type=\"widget\" data-widget_type=\"heading.default\">\n\t\t\t\t<div class=\"elementor-widget-container\">\n\t\t\t<style>\/*! elementor - v3.21.0 - 24-04-2024 *\/\n.elementor-heading-title{padding:0;margin:0;line-height:1}.elementor-widget-heading .elementor-heading-title[class*=elementor-size-]>a{color:inherit;font-size:inherit;line-height:inherit}.elementor-widget-heading .elementor-heading-title.elementor-size-small{font-size:15px}.elementor-widget-heading .elementor-heading-title.elementor-size-medium{font-size:19px}.elementor-widget-heading .elementor-heading-title.elementor-size-large{font-size:29px}.elementor-widget-heading .elementor-heading-title.elementor-size-xl{font-size:39px}.elementor-widget-heading .elementor-heading-title.elementor-size-xxl{font-size:59px}<\/style><h2 class=\"elementor-heading-title elementor-size-default\">PROGRAMA\u00c7\u00c3O &amp; CADERNO DE RESUMO<\/h2>\t\t<\/div>\n\t\t\t\t<\/div>\n\t\t\t\t\t<\/div>\n\t\t\t\t<\/div>\n\t\t<div class=\"elementor-element elementor-element-9214aaf e-flex e-con-boxed e-con e-parent\" data-id=\"9214aaf\" data-element_type=\"container\" data-settings=\"{&quot;background_background&quot;:&quot;classic&quot;}\">\n\t\t\t\t\t<div class=\"e-con-inner\">\n\t\t\t\t<div class=\"elementor-element elementor-element-2da9c27 elementor-widget elementor-widget-spacer\" data-id=\"2da9c27\" data-element_type=\"widget\" data-widget_type=\"spacer.default\">\n\t\t\t\t<div class=\"elementor-widget-container\">\n\t\t\t\t\t<div class=\"elementor-spacer\">\n\t\t\t<div class=\"elementor-spacer-inner\"><\/div>\n\t\t<\/div>\n\t\t\t\t<\/div>\n\t\t\t\t<\/div>\n\t\t<div class=\"elementor-element elementor-element-d265975 e-flex e-con-boxed e-con e-child\" data-id=\"d265975\" data-element_type=\"container\">\n\t\t\t\t\t<div class=\"e-con-inner\">\n\t\t\t\t<div class=\"elementor-element elementor-element-140fb71 elementor-widget elementor-widget-accordion\" data-id=\"140fb71\" data-element_type=\"widget\" data-widget_type=\"accordion.default\">\n\t\t\t\t<div class=\"elementor-widget-container\">\n\t\t\t<style>\/*! elementor - v3.21.0 - 24-04-2024 *\/\n.elementor-accordion{text-align:start}.elementor-accordion .elementor-accordion-item{border:1px solid #d5d8dc}.elementor-accordion .elementor-accordion-item+.elementor-accordion-item{border-top:none}.elementor-accordion .elementor-tab-title{margin:0;padding:15px 20px;font-weight:700;line-height:1;cursor:pointer;outline:none}.elementor-accordion .elementor-tab-title .elementor-accordion-icon{display:inline-block;width:1.5em}.elementor-accordion .elementor-tab-title .elementor-accordion-icon svg{width:1em;height:1em}.elementor-accordion .elementor-tab-title .elementor-accordion-icon.elementor-accordion-icon-right{float:right;text-align:right}.elementor-accordion .elementor-tab-title .elementor-accordion-icon.elementor-accordion-icon-left{float:left;text-align:left}.elementor-accordion .elementor-tab-title .elementor-accordion-icon .elementor-accordion-icon-closed{display:block}.elementor-accordion .elementor-tab-title .elementor-accordion-icon .elementor-accordion-icon-opened,.elementor-accordion .elementor-tab-title.elementor-active .elementor-accordion-icon-closed{display:none}.elementor-accordion .elementor-tab-title.elementor-active .elementor-accordion-icon-opened{display:block}.elementor-accordion .elementor-tab-content{display:none;padding:15px 20px;border-top:1px solid #d5d8dc}@media (max-width:767px){.elementor-accordion .elementor-tab-title{padding:12px 15px}.elementor-accordion .elementor-tab-title .elementor-accordion-icon{width:1.2em}.elementor-accordion .elementor-tab-content{padding:7px 15px}}.e-con-inner>.elementor-widget-accordion,.e-con>.elementor-widget-accordion{width:var(--container-widget-width);--flex-grow:var(--container-widget-flex-grow)}<\/style>\t\t<div class=\"elementor-accordion\">\n\t\t\t\t\t\t\t<div class=\"elementor-accordion-item\">\n\t\t\t\t\t<div id=\"elementor-tab-title-2101\" class=\"elementor-tab-title\" data-tab=\"1\" role=\"button\" aria-controls=\"elementor-tab-content-2101\" aria-expanded=\"false\">\n\t\t\t\t\t\t\t\t\t\t\t\t\t<span class=\"elementor-accordion-icon elementor-accordion-icon-left\" aria-hidden=\"true\">\n\t\t\t\t\t\t\t\t\t\t\t\t\t\t\t<span class=\"elementor-accordion-icon-closed\"><svg class=\"e-font-icon-svg e-fas-plus\" viewBox=\"0 0 448 512\" xmlns=\"http:\/\/www.w3.org\/2000\/svg\"><path d=\"M416 208H272V64c0-17.67-14.33-32-32-32h-32c-17.67 0-32 14.33-32 32v144H32c-17.67 0-32 14.33-32 32v32c0 17.67 14.33 32 32 32h144v144c0 17.67 14.33 32 32 32h32c17.67 0 32-14.33 32-32V304h144c17.67 0 32-14.33 32-32v-32c0-17.67-14.33-32-32-32z\"><\/path><\/svg><\/span>\n\t\t\t\t\t\t\t\t<span class=\"elementor-accordion-icon-opened\"><svg class=\"e-font-icon-svg e-fas-minus\" viewBox=\"0 0 448 512\" xmlns=\"http:\/\/www.w3.org\/2000\/svg\"><path d=\"M416 208H32c-17.67 0-32 14.33-32 32v32c0 17.67 14.33 32 32 32h384c17.67 0 32-14.33 32-32v-32c0-17.67-14.33-32-32-32z\"><\/path><\/svg><\/span>\n\t\t\t\t\t\t\t\t\t\t\t\t\t\t<\/span>\n\t\t\t\t\t\t\t\t\t\t\t\t<a class=\"elementor-accordion-title\" tabindex=\"0\">PROGRAMA\u00c7\u00c3O E CADERNO DE RESUMO<\/a>\n\t\t\t\t\t<\/div>\n\t\t\t\t\t<div id=\"elementor-tab-content-2101\" class=\"elementor-tab-content elementor-clearfix\" data-tab=\"1\" role=\"region\" aria-labelledby=\"elementor-tab-title-2101\"><h5>Para abrir e baixar, clique na imagem ou nos links abaixo:<\/h5><h6><a href=\"https:\/\/diamantina.cedeplar.ufmg.br\/2024\/wp-content\/uploads\/2024\/08\/Programacao-e-Caderno-de-Resumo_20SemDiam2024_Versao-Desktop.pdf\" target=\"_blank\" rel=\"noopener\"><img fetchpriority=\"high\" decoding=\"async\" class=\"alignnone wp-image-1934\" src=\"https:\/\/diamantina.cedeplar.ufmg.br\/2024\/wp-content\/uploads\/2024\/08\/desktop_20SemDiam-300x300.jpg\" alt=\"\" width=\"380\" height=\"380\" srcset=\"https:\/\/diamantina.cedeplar.ufmg.br\/2024\/wp-content\/uploads\/2024\/08\/desktop_20SemDiam-300x300.jpg 300w, https:\/\/diamantina.cedeplar.ufmg.br\/2024\/wp-content\/uploads\/2024\/08\/desktop_20SemDiam-1024x1024.jpg 1024w, https:\/\/diamantina.cedeplar.ufmg.br\/2024\/wp-content\/uploads\/2024\/08\/desktop_20SemDiam-150x150.jpg 150w, https:\/\/diamantina.cedeplar.ufmg.br\/2024\/wp-content\/uploads\/2024\/08\/desktop_20SemDiam-768x768.jpg 768w, https:\/\/diamantina.cedeplar.ufmg.br\/2024\/wp-content\/uploads\/2024\/08\/desktop_20SemDiam-1536x1536.jpg 1536w, https:\/\/diamantina.cedeplar.ufmg.br\/2024\/wp-content\/uploads\/2024\/08\/desktop_20SemDiam-2048x2048.jpg 2048w\" sizes=\"(max-width: 380px) 100vw, 380px\" \/> \u00a0 <\/a><a href=\"https:\/\/diamantina.cedeplar.ufmg.br\/2024\/wp-content\/uploads\/2024\/08\/Programacao-e-Caderno-de-Resumo_20SemDiam2024_Versao-Mobile.pdf\" target=\"_blank\" rel=\"noopener\"><img decoding=\"async\" class=\"alignnone wp-image-1935\" src=\"https:\/\/diamantina.cedeplar.ufmg.br\/2024\/wp-content\/uploads\/2024\/08\/mobile_20SemDiam-300x300.jpg\" alt=\"\" width=\"380\" height=\"380\" srcset=\"https:\/\/diamantina.cedeplar.ufmg.br\/2024\/wp-content\/uploads\/2024\/08\/mobile_20SemDiam-300x300.jpg 300w, https:\/\/diamantina.cedeplar.ufmg.br\/2024\/wp-content\/uploads\/2024\/08\/mobile_20SemDiam-1024x1024.jpg 1024w, https:\/\/diamantina.cedeplar.ufmg.br\/2024\/wp-content\/uploads\/2024\/08\/mobile_20SemDiam-150x150.jpg 150w, https:\/\/diamantina.cedeplar.ufmg.br\/2024\/wp-content\/uploads\/2024\/08\/mobile_20SemDiam-768x768.jpg 768w, https:\/\/diamantina.cedeplar.ufmg.br\/2024\/wp-content\/uploads\/2024\/08\/mobile_20SemDiam-1536x1536.jpg 1536w, https:\/\/diamantina.cedeplar.ufmg.br\/2024\/wp-content\/uploads\/2024\/08\/mobile_20SemDiam-2048x2048.jpg 2048w\" sizes=\"(max-width: 380px) 100vw, 380px\" \/><\/a><\/h6><h5><a href=\"https:\/\/diamantina.cedeplar.ufmg.br\/2024\/wp-content\/uploads\/2024\/08\/Programacao-e-Caderno-de-Resumo_20SemDiam2024_Versao-Desktop.pdf\" target=\"_blank\" rel=\"noopener\">Programac\u0327a\u0303o e Caderno de Resumo (Vers\u00e3o Desktop)<\/a><\/h5><h5><a href=\"https:\/\/diamantina.cedeplar.ufmg.br\/2024\/wp-content\/uploads\/2024\/08\/Programacao-e-Caderno-de-Resumo_20SemDiam2024_Versao-Mobile.pdf\" target=\"_blank\" rel=\"noopener\">Programa\u00e7\u00e3o e Caderno de Resumo (Vers\u00e3o Mobile)<\/a><\/h5><p>\u00a0<\/p><h5><iframe src=\"https:\/\/diamantina.cedeplar.ufmg.br\/2024\/wp-content\/uploads\/2024\/08\/Programacao-e-Caderno-de-Resumo_20SemDiam20242.pdf\" width=\"100%\" height=\"600px\"><br \/>Your browser does not support iframes.<br \/><\/iframe><\/h5><\/div>\n\t\t\t\t<\/div>\n\t\t\t\t\t\t\t\t<\/div>\n\t\t\t\t<\/div>\n\t\t\t\t<\/div>\n\t\t\t\t\t<\/div>\n\t\t\t\t<\/div>\n\t\t\t\t<div class=\"elementor-element elementor-element-0b9512a elementor-widget elementor-widget-spacer\" data-id=\"0b9512a\" data-element_type=\"widget\" data-widget_type=\"spacer.default\">\n\t\t\t\t<div class=\"elementor-widget-container\">\n\t\t\t\t\t<div class=\"elementor-spacer\">\n\t\t\t<div class=\"elementor-spacer-inner\"><\/div>\n\t\t<\/div>\n\t\t\t\t<\/div>\n\t\t\t\t<\/div>\n\t\t\t\t\t<\/div>\n\t\t\t\t<\/div>\n\t\t\t\t<\/div>\n\t\t","protected":false},"excerpt":{"rendered":"<p>PROGRAMA\u00c7\u00c3O &amp; CADERNO DE RESUMO PROGRAMA\u00c7\u00c3O E CADERNO DE RESUMO Para abrir e baixar, clique na imagem ou nos links abaixo: \u00a0 Programac\u0327a\u0303o e Caderno de Resumo (Vers\u00e3o Desktop) Programa\u00e7\u00e3o e Caderno de Resumo (Vers\u00e3o Mobile) \u00a0 Your browser does not support iframes.<\/p>\n","protected":false},"author":1,"featured_media":0,"parent":0,"menu_order":0,"comment_status":"closed","ping_status":"closed","template":"","meta":{"om_disable_all_campaigns":false,"_monsterinsights_skip_tracking":false,"_monsterinsights_sitenote_active":false,"_monsterinsights_sitenote_note":"","_monsterinsights_sitenote_category":0,"_uf_show_specific_survey":0,"_uf_disable_surveys":false,"footnotes":""},"class_list":["post-1182","page","type-page","status-publish","hentry"],"aioseo_notices":[],"jetpack_sharing_enabled":true,"_links":{"self":[{"href":"https:\/\/diamantina.cedeplar.ufmg.br\/2024\/wp-json\/wp\/v2\/pages\/1182","targetHints":{"allow":["GET"]}}],"collection":[{"href":"https:\/\/diamantina.cedeplar.ufmg.br\/2024\/wp-json\/wp\/v2\/pages"}],"about":[{"href":"https:\/\/diamantina.cedeplar.ufmg.br\/2024\/wp-json\/wp\/v2\/types\/page"}],"author":[{"embeddable":true,"href":"https:\/\/diamantina.cedeplar.ufmg.br\/2024\/wp-json\/wp\/v2\/users\/1"}],"replies":[{"embeddable":true,"href":"https:\/\/diamantina.cedeplar.ufmg.br\/2024\/wp-json\/wp\/v2\/comments?post=1182"}],"version-history":[{"count":10,"href":"https:\/\/diamantina.cedeplar.ufmg.br\/2024\/wp-json\/wp\/v2\/pages\/1182\/revisions"}],"predecessor-version":[{"id":1970,"href":"https:\/\/diamantina.cedeplar.ufmg.br\/2024\/wp-json\/wp\/v2\/pages\/1182\/revisions\/1970"}],"wp:attachment":[{"href":"https:\/\/diamantina.cedeplar.ufmg.br\/2024\/wp-json\/wp\/v2\/media?parent=1182"}],"curies":[{"name":"wp","href":"https:\/\/api.w.org\/{rel}","templated":true}]}}