{"id":1231,"date":"2024-06-12T17:22:41","date_gmt":"2024-06-12T20:22:41","guid":{"rendered":"https:\/\/diamantina.cedeplar.ufmg.br\/2024\/?page_id=1231"},"modified":"2024-06-25T14:48:22","modified_gmt":"2024-06-25T17:48:22","slug":"minicursos","status":"publish","type":"page","link":"https:\/\/diamantina.cedeplar.ufmg.br\/2024\/minicursos\/","title":{"rendered":"Minicursos"},"content":{"rendered":"\t\t<div data-elementor-type=\"wp-page\" data-elementor-id=\"1231\" class=\"elementor elementor-1231\" data-elementor-post-type=\"page\">\n\t\t\t\t<div class=\"elementor-element elementor-element-950ecd7 e-con-full e-flex e-con e-parent\" data-id=\"950ecd7\" data-element_type=\"container\" data-settings=\"{&quot;background_background&quot;:&quot;classic&quot;}\">\n\t\t\t\t<\/div>\n\t\t<div class=\"elementor-element elementor-element-09fae3e e-flex e-con-boxed e-con e-parent\" data-id=\"09fae3e\" data-element_type=\"container\" data-settings=\"{&quot;background_background&quot;:&quot;classic&quot;}\">\n\t\t\t\t\t<div class=\"e-con-inner\">\n\t\t\t\t<div class=\"elementor-element elementor-element-4084c76 elementor-widget elementor-widget-spacer\" data-id=\"4084c76\" data-element_type=\"widget\" data-widget_type=\"spacer.default\">\n\t\t\t\t<div class=\"elementor-widget-container\">\n\t\t\t<style>\/*! elementor - v3.21.0 - 24-04-2024 *\/\n.elementor-column .elementor-spacer-inner{height:var(--spacer-size)}.e-con{--container-widget-width:100%}.e-con-inner>.elementor-widget-spacer,.e-con>.elementor-widget-spacer{width:var(--container-widget-width,var(--spacer-size));--align-self:var(--container-widget-align-self,initial);--flex-shrink:0}.e-con-inner>.elementor-widget-spacer>.elementor-widget-container,.e-con>.elementor-widget-spacer>.elementor-widget-container{height:100%;width:100%}.e-con-inner>.elementor-widget-spacer>.elementor-widget-container>.elementor-spacer,.e-con>.elementor-widget-spacer>.elementor-widget-container>.elementor-spacer{height:100%}.e-con-inner>.elementor-widget-spacer>.elementor-widget-container>.elementor-spacer>.elementor-spacer-inner,.e-con>.elementor-widget-spacer>.elementor-widget-container>.elementor-spacer>.elementor-spacer-inner{height:var(--container-widget-height,var(--spacer-size))}.e-con-inner>.elementor-widget-spacer.elementor-widget-empty,.e-con>.elementor-widget-spacer.elementor-widget-empty{position:relative;min-height:22px;min-width:22px}.e-con-inner>.elementor-widget-spacer.elementor-widget-empty .elementor-widget-empty-icon,.e-con>.elementor-widget-spacer.elementor-widget-empty .elementor-widget-empty-icon{position:absolute;top:0;bottom:0;left:0;right:0;margin:auto;padding:0;width:22px;height:22px}<\/style>\t\t<div class=\"elementor-spacer\">\n\t\t\t<div class=\"elementor-spacer-inner\"><\/div>\n\t\t<\/div>\n\t\t\t\t<\/div>\n\t\t\t\t<\/div>\n\t\t\t\t\t<\/div>\n\t\t\t\t<\/div>\n\t\t<div class=\"elementor-element elementor-element-9214aaf e-flex e-con-boxed e-con e-parent\" data-id=\"9214aaf\" data-element_type=\"container\" data-settings=\"{&quot;background_background&quot;:&quot;classic&quot;}\">\n\t\t\t\t\t<div class=\"e-con-inner\">\n\t\t\t\t<div class=\"elementor-element elementor-element-ba4e684 elementor-widget__width-initial elementor-widget elementor-widget-heading\" data-id=\"ba4e684\" data-element_type=\"widget\" data-widget_type=\"heading.default\">\n\t\t\t\t<div class=\"elementor-widget-container\">\n\t\t\t<style>\/*! elementor - v3.21.0 - 24-04-2024 *\/\n.elementor-heading-title{padding:0;margin:0;line-height:1}.elementor-widget-heading .elementor-heading-title[class*=elementor-size-]>a{color:inherit;font-size:inherit;line-height:inherit}.elementor-widget-heading .elementor-heading-title.elementor-size-small{font-size:15px}.elementor-widget-heading .elementor-heading-title.elementor-size-medium{font-size:19px}.elementor-widget-heading .elementor-heading-title.elementor-size-large{font-size:29px}.elementor-widget-heading .elementor-heading-title.elementor-size-xl{font-size:39px}.elementor-widget-heading .elementor-heading-title.elementor-size-xxl{font-size:59px}<\/style><h2 class=\"elementor-heading-title elementor-size-default\">Informa\u00e7\u00f5es e Inscri\u00e7\u00f5es<\/h2>\t\t<\/div>\n\t\t\t\t<\/div>\n\t\t\t\t<div class=\"elementor-element elementor-element-4e2333e elementor-widget elementor-widget-text-editor\" data-id=\"4e2333e\" data-element_type=\"widget\" data-widget_type=\"text-editor.default\">\n\t\t\t\t<div class=\"elementor-widget-container\">\n\t\t\t<style>\/*! elementor - v3.21.0 - 24-04-2024 *\/\n.elementor-widget-text-editor.elementor-drop-cap-view-stacked .elementor-drop-cap{background-color:#69727d;color:#fff}.elementor-widget-text-editor.elementor-drop-cap-view-framed .elementor-drop-cap{color:#69727d;border:3px solid;background-color:transparent}.elementor-widget-text-editor:not(.elementor-drop-cap-view-default) .elementor-drop-cap{margin-top:8px}.elementor-widget-text-editor:not(.elementor-drop-cap-view-default) .elementor-drop-cap-letter{width:1em;height:1em}.elementor-widget-text-editor .elementor-drop-cap{float:left;text-align:center;line-height:1;font-size:50px}.elementor-widget-text-editor .elementor-drop-cap-letter{display:inline-block}<\/style>\t\t\t\t<blockquote><p>&gt; Per\u00edodo de inscri\u00e7\u00f5es nos minicursos: <strong>14 a 28 de junho<\/strong> de 2024.<br \/><span style=\"color: var( --e-global-color-text ); text-align: var(--text-align); background-color: var( --e-global-color-accent ); font-size: 1rem;\">&gt;\u00a0<\/span><span style=\"text-align: var(--text-align); background-color: var( --e-global-color-accent );\">Os minicursos possuem vagas limitadas. Por isso, caso tenham mais inscritos que vagas, <strong>ser\u00e1 realizado um sorteio dos participantes<\/strong>.<br \/><\/span>&gt; Informamos que o Young Scholars Initiative (YSI\/INET) poder\u00e1 fornecer ajuda de custo de acomoda\u00e7\u00e3o e deslocamento at\u00e9 Diamantina para estudantes de fora de Belo Horizonte selecionados no &#8220;<em><span style=\"text-decoration-line: underline;\"><span style=\"font-weight: bolder;\">Minicurso 3: Economia, meio ambiente, transforma\u00e7\u00e3o ecol\u00f3gica e poss\u00edveis futuros<\/span><\/span><\/em>&#8220;. Voc\u00ea pode solicit\u00e1-la (ap\u00f3s inscrito no minicurso) no link\u00a0<a style=\"background-color: #eeeeec; font-size: 1rem; text-align: var(--text-align);\" href=\"https:\/\/ysi.ineteconomics.org\/event\/ysi-desajuste-ecological-economics-workshop\/\">https:\/\/ysi.ineteconomics.org\/event\/ysi-desajuste-ecological-economics-workshop\/<\/a><span style=\"text-align: var(--text-align); background-color: var( --e-global-color-accent );\"><br \/><\/span><\/p><\/blockquote>\t\t\t\t\t\t<\/div>\n\t\t\t\t<\/div>\n\t\t\t\t<div class=\"elementor-element elementor-element-ef5c669 elementor-widget elementor-widget-button\" data-id=\"ef5c669\" data-element_type=\"widget\" data-widget_type=\"button.default\">\n\t\t\t\t<div class=\"elementor-widget-container\">\n\t\t\t\t\t<div class=\"elementor-button-wrapper\">\n\t\t\t<a class=\"elementor-button elementor-button-link elementor-size-sm\" href=\"https:\/\/forms.gle\/Sgz8Pt2rdt4gSQL79\">\n\t\t\t\t\t\t<span class=\"elementor-button-content-wrapper\">\n\t\t\t\t\t\t\t\t\t<span class=\"elementor-button-text\">Inscri\u00e7\u00f5es Minicursos<\/span>\n\t\t\t\t\t<\/span>\n\t\t\t\t\t<\/a>\n\t\t<\/div>\n\t\t\t\t<\/div>\n\t\t\t\t<\/div>\n\t\t\t\t<div class=\"elementor-element elementor-element-9a9cf0a elementor-widget elementor-widget-accordion\" data-id=\"9a9cf0a\" data-element_type=\"widget\" data-widget_type=\"accordion.default\">\n\t\t\t\t<div class=\"elementor-widget-container\">\n\t\t\t<style>\/*! elementor - v3.21.0 - 24-04-2024 *\/\n.elementor-accordion{text-align:start}.elementor-accordion .elementor-accordion-item{border:1px solid #d5d8dc}.elementor-accordion .elementor-accordion-item+.elementor-accordion-item{border-top:none}.elementor-accordion .elementor-tab-title{margin:0;padding:15px 20px;font-weight:700;line-height:1;cursor:pointer;outline:none}.elementor-accordion .elementor-tab-title .elementor-accordion-icon{display:inline-block;width:1.5em}.elementor-accordion .elementor-tab-title .elementor-accordion-icon svg{width:1em;height:1em}.elementor-accordion .elementor-tab-title .elementor-accordion-icon.elementor-accordion-icon-right{float:right;text-align:right}.elementor-accordion .elementor-tab-title .elementor-accordion-icon.elementor-accordion-icon-left{float:left;text-align:left}.elementor-accordion .elementor-tab-title .elementor-accordion-icon .elementor-accordion-icon-closed{display:block}.elementor-accordion .elementor-tab-title .elementor-accordion-icon .elementor-accordion-icon-opened,.elementor-accordion .elementor-tab-title.elementor-active .elementor-accordion-icon-closed{display:none}.elementor-accordion .elementor-tab-title.elementor-active .elementor-accordion-icon-opened{display:block}.elementor-accordion .elementor-tab-content{display:none;padding:15px 20px;border-top:1px solid #d5d8dc}@media (max-width:767px){.elementor-accordion .elementor-tab-title{padding:12px 15px}.elementor-accordion .elementor-tab-title .elementor-accordion-icon{width:1.2em}.elementor-accordion .elementor-tab-content{padding:7px 15px}}.e-con-inner>.elementor-widget-accordion,.e-con>.elementor-widget-accordion{width:var(--container-widget-width);--flex-grow:var(--container-widget-flex-grow)}<\/style>\t\t<div class=\"elementor-accordion\">\n\t\t\t\t\t\t\t<div class=\"elementor-accordion-item\">\n\t\t\t\t\t<div id=\"elementor-tab-title-1621\" class=\"elementor-tab-title\" data-tab=\"1\" role=\"button\" aria-controls=\"elementor-tab-content-1621\" aria-expanded=\"false\">\n\t\t\t\t\t\t\t\t\t\t\t\t\t<span class=\"elementor-accordion-icon elementor-accordion-icon-left\" aria-hidden=\"true\">\n\t\t\t\t\t\t\t\t\t\t\t\t\t\t\t<span class=\"elementor-accordion-icon-closed\"><svg class=\"e-font-icon-svg e-fas-plus\" viewBox=\"0 0 448 512\" xmlns=\"http:\/\/www.w3.org\/2000\/svg\"><path d=\"M416 208H272V64c0-17.67-14.33-32-32-32h-32c-17.67 0-32 14.33-32 32v144H32c-17.67 0-32 14.33-32 32v32c0 17.67 14.33 32 32 32h144v144c0 17.67 14.33 32 32 32h32c17.67 0 32-14.33 32-32V304h144c17.67 0 32-14.33 32-32v-32c0-17.67-14.33-32-32-32z\"><\/path><\/svg><\/span>\n\t\t\t\t\t\t\t\t<span class=\"elementor-accordion-icon-opened\"><svg class=\"e-font-icon-svg e-fas-minus\" viewBox=\"0 0 448 512\" xmlns=\"http:\/\/www.w3.org\/2000\/svg\"><path d=\"M416 208H32c-17.67 0-32 14.33-32 32v32c0 17.67 14.33 32 32 32h384c17.67 0 32-14.33 32-32v-32c0-17.67-14.33-32-32-32z\"><\/path><\/svg><\/span>\n\t\t\t\t\t\t\t\t\t\t\t\t\t\t<\/span>\n\t\t\t\t\t\t\t\t\t\t\t\t<a class=\"elementor-accordion-title\" tabindex=\"0\">MINICURSOS<\/a>\n\t\t\t\t\t<\/div>\n\t\t\t\t\t<div id=\"elementor-tab-content-1621\" class=\"elementor-tab-content elementor-clearfix\" data-tab=\"1\" role=\"region\" aria-labelledby=\"elementor-tab-title-1621\"><p><style>\n    \/* Define hover color for links *\/<br \/>    a:hover {<br \/>      color: #B4CC17 !important; \/* Use !important to ensure the style is applied *\/<br \/>    }<br \/>  <\/style><\/p><h6><strong style=\"color: inherit; background-color: var(--e-global-color-accent);\">Minicurso 1: Aten\u00e7\u00e3o Especializada e sua Import\u00e2ncia nas Redes de Aten\u00e7\u00e3o<\/strong><\/h6><h5>19\/08 e 20\/08 \u2013 09h \u00e0s 17h15<\/h5><p>A Aten\u00e7\u00e3o Especializada desempenha um papel fundamental nas Redes de Aten\u00e7\u00e3o \u00e0 Sa\u00fade, atendendo casos mais complexos e garantindo um cuidado mais espec\u00edfico e especializado. O trabalho em rede, integrando os diferentes n\u00edveis de aten\u00e7\u00e3o e garantindo a refer\u00eancia e contrarrefer\u00eancia, fortalece o Sistema \u00danico de Sa\u00fade e proporciona um atendimento mais humanizado e resolutivo.<\/p><h6>\u00a0<\/h6><h6><strong>Minicurso 2: <\/strong><b>Novas Abordagens Avan\u00e7adas em Estimativas com Grades Populacionais<\/b><\/h6><h5>19\/08 e 20\/08 \u2013 09h \u00e0s 17h15<\/h5><p>De car\u00e1ter introdut\u00f3rio, este Minicurso tem como objetivo apresentar as principais grades populacionais hoje produzidas por projetos globais. \u00canfase ser\u00e1 dada a uma leitura cr\u00edtica destas grades a partir da import\u00e2ncia de se considerar os contextos locais ao abordar a produ\u00e7\u00e3o de dados de popula\u00e7\u00e3o, sejam eles econ\u00f4micos, sociais, culturais e\/ou ambientais.<\/p><p><span style=\"text-decoration: underline;\"><a href=\"https:\/\/diamantina.cedeplar.ufmg.br\/2024\/wp-content\/uploads\/2024\/06\/Minicurso-2-Novas-Abordagens-Avancadas-em-Estimativas-com-Grades-Populacionais.pdf\" target=\"_blank\" rel=\"noopener\">EMENTA MINICURSO 2<\/a><\/span><\/p><h6>\u00a0<\/h6><h6><strong>Minicurso 3: Economia, meio ambiente, transforma\u00e7\u00e3o ecol\u00f3gica e poss\u00edveis futuros<\/strong><\/h6><h5>19\/08 e 20\/08 \u2013 09h \u00e0s 17h15<\/h5><p>O objetivo deste minicurso \u00e9 dar um panorama geral de poss\u00edveis metodologias para se estudar quest\u00f5es relacionadas a meio ambiente e transforma\u00e7\u00e3o ecol\u00f3gica dentro do campo da economia, discutindo poss\u00edveis modelos econ\u00f4micos para o futuro a partir das l\u00f3gicas apresentadas. O minicurso aborda diferentes modelos te\u00f3ricos e quantitativos, bem como m\u00e9todos qualitativos. Ser\u00e1 apresentada tamb\u00e9m a estrutura base de dados ambientais no Brasil.<\/p><p><span style=\"text-decoration: underline;\"><a href=\"https:\/\/diamantina.cedeplar.ufmg.br\/2024\/wp-content\/uploads\/2024\/06\/Minicurso-3-Economia-meio-ambiente-transformacao-ecologica-e-possiveis-futuros.pdf\" target=\"_blank\" rel=\"noopener\">EMENTA MINICURSO 3<\/a><\/span><\/p><h6>\u00a0<\/h6><h6><strong>Minicurso 4: Python<\/strong><\/h6><h5>19\/08 e 20\/08 \u2013 09h \u00e0s 17h15<\/h5><p>Esse curso \u00e9 para Ci\u00eancia de Dados, voltado a profissionais e estudantes que buscam aprimorar-se nas mais recentes tecnologias de c\u00f3digo aberto no tratamento e an\u00e1lise de bases de dados.<\/p><p><span style=\"text-decoration: underline;\"><a href=\"https:\/\/diamantina.cedeplar.ufmg.br\/2024\/wp-content\/uploads\/2024\/06\/Minicurso-4-Python.pdf\" target=\"_blank\" rel=\"noopener\">EMENTA MINICURSO 4<\/a><\/span><\/p><h6>\u00a0<\/h6><h6><strong>Minicurso 5: Ci\u00eancia Cidad\u00e3: potencializando a participa\u00e7\u00e3o comunit\u00e1ria no ciclo da pesquisa<\/strong><\/h6><h5>19\/08 \u2013 14h \u00e0s 17h15<\/h5><p>Familiarizar os presentes nos conceitos de ci\u00eancia cidad\u00e3, seus potenciais usos e aplica\u00e7\u00f5es nas ci\u00eancias humanas. Promover a reflex\u00e3o dos presentes sobre a import\u00e2ncia de incluir cidad\u00e3os como coparticipantes das pesquisas acad\u00eamicas em todas as fases do ciclo da pesquisa, al\u00e9m dos benef\u00edcios e limita\u00e7\u00f5es da ci\u00eancia cidad\u00e3.<\/p><p><span style=\"text-decoration: underline;\"><a href=\"https:\/\/diamantina.cedeplar.ufmg.br\/2024\/wp-content\/uploads\/2024\/06\/Minicurso-5-Ciencia-Cidada-potencializando-a-participacao-comunitaria-no-ciclo-da-pesquisa.pdf\" target=\"_blank\" rel=\"noopener\">EMENTA MINICURSO 5<\/a><\/span><\/p><h6>\u00a0<\/h6><h6><strong>Minicurso 5A: Impacto social na pr\u00e1tica: introdu\u00e7\u00e3o ao advocacy para pesquisadores<\/strong><\/h6><h5>20\/08 \u2013 09h \u00e0s 12h<\/h5><p>Familiarizar os alunos nos conceitos de advocacy e canais de influ\u00eancia em pol\u00edticas p\u00fablicas. Promover a reflex\u00e3o sobre formas de potencializar o uso da pesquisa acad\u00eamica nas pol\u00edticas p\u00fablicas.<\/p><p><span style=\"text-decoration: underline;\"><a href=\"https:\/\/diamantina.cedeplar.ufmg.br\/2024\/wp-content\/uploads\/2024\/06\/Minicurso-5A-Impacto-social-na-pratica-introducao-ao-advocacy-para-pesquisadores.pdf\" target=\"_blank\" rel=\"noopener\">EMENTA MINICURSO 5A<\/a><\/span><\/p><h6>\u00a0<\/h6><h6 style=\"color: #070608;\"><span style=\"font-weight: bolder;\">Minicurso 6: A PINTEC semestral<\/span><\/h6><h5 style=\"color: #070608;\">20\/08 \u2013 09h \u00e0s 17h15<\/h5><p>O Minicurso pretende apresentar aos assistentes os princ\u00edpios b\u00e1sicos sobre concep\u00e7\u00e3o, implementa\u00e7\u00e3o e utiliza\u00e7\u00e3o dos resultados de pesquisas emp\u00edricas sobre inova\u00e7\u00e3o de modo a habilit\u00e1-los para serem bons usu\u00e1rios de trabalhos desta natureza. O minicurso ter\u00e1 como como refer\u00eancia uma iniciativa pioneira em andamento: o projeto Pesquisa de Inova\u00e7\u00e3o Semestral \u2013 PINTEC Semestral-, uma parceria entre IBGE, UFRJ e ABDI que est\u00e1 realizando sete ciclos de pesquisa sobre inova\u00e7\u00e3o e temas associados (tecnologias digitais e pr\u00e1ticas sustent\u00e1veis) junto a uma amostra representativa das empresas industriais brasileiras com mais de 100 empregados. Ser\u00e3o abordados os seguintes temas: conceitos, metodologia e desenvolvimento de question\u00e1rio e pesquisa de campo; desenvolvimento e implementa\u00e7\u00e3o do campo; planejamento de gera\u00e7\u00e3o de resultados e plano tabular; resultados observados e possibilidades de utiliza\u00e7\u00e3o para fins de investiga\u00e7\u00e3o de trabalhos acad\u00eamicos.<\/p><p><span style=\"text-decoration: underline;\"><a href=\"https:\/\/diamantina.cedeplar.ufmg.br\/2024\/wp-content\/uploads\/2024\/06\/Minicurso-6-A-PINTEC-semestral.pdf\" target=\"_blank\" rel=\"noopener\">EMENTA MINICURSO 6<\/a><\/span><\/p><\/div>\n\t\t\t\t<\/div>\n\t\t\t\t\t\t\t\t<\/div>\n\t\t\t\t<\/div>\n\t\t\t\t<\/div>\n\t\t\t\t<div class=\"elementor-element elementor-element-2da9c27 elementor-widget elementor-widget-spacer\" data-id=\"2da9c27\" data-element_type=\"widget\" data-widget_type=\"spacer.default\">\n\t\t\t\t<div class=\"elementor-widget-container\">\n\t\t\t\t\t<div class=\"elementor-spacer\">\n\t\t\t<div class=\"elementor-spacer-inner\"><\/div>\n\t\t<\/div>\n\t\t\t\t<\/div>\n\t\t\t\t<\/div>\n\t\t\t\t\t<\/div>\n\t\t\t\t<\/div>\n\t\t\t\t<\/div>\n\t\t","protected":false},"excerpt":{"rendered":"<p>Informa\u00e7\u00f5es e Inscri\u00e7\u00f5es &gt; Per\u00edodo de inscri\u00e7\u00f5es nos minicursos: 14 a 28 de junho de 2024.&gt;\u00a0Os minicursos possuem vagas limitadas. Por isso, caso tenham mais inscritos que vagas, ser\u00e1 realizado um sorteio dos participantes.&gt; Informamos que o Young Scholars Initiative (YSI\/INET) poder\u00e1 fornecer ajuda de custo de acomoda\u00e7\u00e3o e deslocamento at\u00e9 Diamantina para estudantes de [&hellip;]<\/p>\n","protected":false},"author":1,"featured_media":0,"parent":0,"menu_order":0,"comment_status":"closed","ping_status":"closed","template":"","meta":{"om_disable_all_campaigns":false,"_monsterinsights_skip_tracking":false,"_monsterinsights_sitenote_active":false,"_monsterinsights_sitenote_note":"","_monsterinsights_sitenote_category":0,"_uf_show_specific_survey":0,"_uf_disable_surveys":false,"footnotes":""},"class_list":["post-1231","page","type-page","status-publish","hentry"],"aioseo_notices":[],"jetpack_sharing_enabled":true,"_links":{"self":[{"href":"https:\/\/diamantina.cedeplar.ufmg.br\/2024\/wp-json\/wp\/v2\/pages\/1231","targetHints":{"allow":["GET"]}}],"collection":[{"href":"https:\/\/diamantina.cedeplar.ufmg.br\/2024\/wp-json\/wp\/v2\/pages"}],"about":[{"href":"https:\/\/diamantina.cedeplar.ufmg.br\/2024\/wp-json\/wp\/v2\/types\/page"}],"author":[{"embeddable":true,"href":"https:\/\/diamantina.cedeplar.ufmg.br\/2024\/wp-json\/wp\/v2\/users\/1"}],"replies":[{"embeddable":true,"href":"https:\/\/diamantina.cedeplar.ufmg.br\/2024\/wp-json\/wp\/v2\/comments?post=1231"}],"version-history":[{"count":10,"href":"https:\/\/diamantina.cedeplar.ufmg.br\/2024\/wp-json\/wp\/v2\/pages\/1231\/revisions"}],"predecessor-version":[{"id":1429,"href":"https:\/\/diamantina.cedeplar.ufmg.br\/2024\/wp-json\/wp\/v2\/pages\/1231\/revisions\/1429"}],"wp:attachment":[{"href":"https:\/\/diamantina.cedeplar.ufmg.br\/2024\/wp-json\/wp\/v2\/media?parent=1231"}],"curies":[{"name":"wp","href":"https:\/\/api.w.org\/{rel}","templated":true}]}}