{"id":41,"date":"2024-04-02T14:08:51","date_gmt":"2024-04-02T14:08:51","guid":{"rendered":"https:\/\/diamantina.cedeplar.ufmg.br\/2024\/?page_id=41"},"modified":"2024-06-12T17:58:51","modified_gmt":"2024-06-12T20:58:51","slug":"home","status":"publish","type":"page","link":"https:\/\/diamantina.cedeplar.ufmg.br\/2024\/","title":{"rendered":"home"},"content":{"rendered":"\t\t<div data-elementor-type=\"wp-page\" data-elementor-id=\"41\" class=\"elementor elementor-41\" data-elementor-post-type=\"page\">\n\t\t\t\t<div class=\"elementor-element elementor-element-2f5ec5d e-con-full e-flex e-con e-parent\" data-id=\"2f5ec5d\" data-element_type=\"container\" data-settings=\"{&quot;background_background&quot;:&quot;classic&quot;}\">\n\t\t\t\t<\/div>\n\t\t<div class=\"elementor-element elementor-element-b8c7107 e-flex e-con-boxed e-con e-parent\" data-id=\"b8c7107\" data-element_type=\"container\" data-settings=\"{&quot;background_background&quot;:&quot;classic&quot;}\">\n\t\t\t\t\t<div class=\"e-con-inner\">\n\t\t<div class=\"elementor-element elementor-element-0800dc0 e-grid e-con-full e-con e-child\" data-id=\"0800dc0\" data-element_type=\"container\">\n\t\t\t\t<div class=\"elementor-element elementor-element-ef05b3c elementor-widget__width-inherit elementor-widget elementor-widget-image\" data-id=\"ef05b3c\" data-element_type=\"widget\" data-widget_type=\"image.default\">\n\t\t\t\t<div class=\"elementor-widget-container\">\n\t\t\t<style>\/*! elementor - v3.21.0 - 24-04-2024 *\/\n.elementor-widget-image{text-align:center}.elementor-widget-image a{display:inline-block}.elementor-widget-image a img[src$=\".svg\"]{width:48px}.elementor-widget-image img{vertical-align:middle;display:inline-block}<\/style>\t\t\t\t\t\t\t\t\t\t<img decoding=\"async\" width=\"218\" height=\"201\" src=\"https:\/\/diamantina.cedeplar.ufmg.br\/2024\/wp-content\/uploads\/2024\/04\/Grupo-379.svg\" class=\"attachment-full size-full wp-image-483\" alt=\"\" \/>\t\t\t\t\t\t\t\t\t\t\t\t\t<\/div>\n\t\t\t\t<\/div>\n\t\t\t\t<div class=\"elementor-element elementor-element-465f211 elementor-widget__width-inherit elementor-widget elementor-widget-text-editor\" data-id=\"465f211\" data-element_type=\"widget\" data-widget_type=\"text-editor.default\">\n\t\t\t\t<div class=\"elementor-widget-container\">\n\t\t\t<style>\/*! elementor - v3.21.0 - 24-04-2024 *\/\n.elementor-widget-text-editor.elementor-drop-cap-view-stacked .elementor-drop-cap{background-color:#69727d;color:#fff}.elementor-widget-text-editor.elementor-drop-cap-view-framed .elementor-drop-cap{color:#69727d;border:3px solid;background-color:transparent}.elementor-widget-text-editor:not(.elementor-drop-cap-view-default) .elementor-drop-cap{margin-top:8px}.elementor-widget-text-editor:not(.elementor-drop-cap-view-default) .elementor-drop-cap-letter{width:1em;height:1em}.elementor-widget-text-editor .elementor-drop-cap{float:left;text-align:center;line-height:1;font-size:50px}.elementor-widget-text-editor .elementor-drop-cap-letter{display:inline-block}<\/style>\t\t\t\t<p>\u201cMinas Gerais e o Brasil em um mundo em transforma\u00e7\u00f5es: forma\u00e7\u00e3o do pensamento cr\u00edtico para os desafios do mundo contempor\u00e2neo\u201d. Com efeito, a tem\u00e1tica central do Semin\u00e1rio ser\u00e1 um convite \u00e0 elabora\u00e7\u00e3o de cen\u00e1rios em variadas escalas, campos do conhecimento e perspectivas do mundo em r\u00e1pidas e aceleradas transforma\u00e7\u00f5es de diversas ordens \u2013 clim\u00e1tica, geopol\u00edtica e energ\u00e9tica, seja em termos cient\u00edficos filos\u00f3ficos e culturais, seja em termos de pol\u00edticas p\u00fablicas e no comportamento geral da sociedade.<\/p>\t\t\t\t\t\t<\/div>\n\t\t\t\t<\/div>\n\t\t\t\t<div class=\"elementor-element elementor-element-9fd903e elementor-widget elementor-widget-spacer\" data-id=\"9fd903e\" data-element_type=\"widget\" data-widget_type=\"spacer.default\">\n\t\t\t\t<div class=\"elementor-widget-container\">\n\t\t\t<style>\/*! elementor - v3.21.0 - 24-04-2024 *\/\n.elementor-column .elementor-spacer-inner{height:var(--spacer-size)}.e-con{--container-widget-width:100%}.e-con-inner>.elementor-widget-spacer,.e-con>.elementor-widget-spacer{width:var(--container-widget-width,var(--spacer-size));--align-self:var(--container-widget-align-self,initial);--flex-shrink:0}.e-con-inner>.elementor-widget-spacer>.elementor-widget-container,.e-con>.elementor-widget-spacer>.elementor-widget-container{height:100%;width:100%}.e-con-inner>.elementor-widget-spacer>.elementor-widget-container>.elementor-spacer,.e-con>.elementor-widget-spacer>.elementor-widget-container>.elementor-spacer{height:100%}.e-con-inner>.elementor-widget-spacer>.elementor-widget-container>.elementor-spacer>.elementor-spacer-inner,.e-con>.elementor-widget-spacer>.elementor-widget-container>.elementor-spacer>.elementor-spacer-inner{height:var(--container-widget-height,var(--spacer-size))}.e-con-inner>.elementor-widget-spacer.elementor-widget-empty,.e-con>.elementor-widget-spacer.elementor-widget-empty{position:relative;min-height:22px;min-width:22px}.e-con-inner>.elementor-widget-spacer.elementor-widget-empty .elementor-widget-empty-icon,.e-con>.elementor-widget-spacer.elementor-widget-empty .elementor-widget-empty-icon{position:absolute;top:0;bottom:0;left:0;right:0;margin:auto;padding:0;width:22px;height:22px}<\/style>\t\t<div class=\"elementor-spacer\">\n\t\t\t<div class=\"elementor-spacer-inner\"><\/div>\n\t\t<\/div>\n\t\t\t\t<\/div>\n\t\t\t\t<\/div>\n\t\t\t\t<div class=\"elementor-element elementor-element-c2404c3 elementor-widget elementor-widget-button\" data-id=\"c2404c3\" data-element_type=\"widget\" data-widget_type=\"button.default\">\n\t\t\t\t<div class=\"elementor-widget-container\">\n\t\t\t\t\t<div class=\"elementor-button-wrapper\">\n\t\t\t<a class=\"elementor-button elementor-button-link elementor-size-sm\" href=\"https:\/\/diamantina.cedeplar.ufmg.br\/2024\/sobre\/\">\n\t\t\t\t\t\t<span class=\"elementor-button-content-wrapper\">\n\t\t\t\t\t\t\t\t\t<span class=\"elementor-button-text\">sobre o semin\u00e1rio<\/span>\n\t\t\t\t\t<\/span>\n\t\t\t\t\t<\/a>\n\t\t<\/div>\n\t\t\t\t<\/div>\n\t\t\t\t<\/div>\n\t\t\t\t<\/div>\n\t\t\t\t\t<\/div>\n\t\t\t\t<\/div>\n\t\t\t\t<\/div>\n\t\t","protected":false},"excerpt":{"rendered":"<p>\u201cMinas Gerais e o Brasil em um mundo em transforma\u00e7\u00f5es: forma\u00e7\u00e3o do pensamento cr\u00edtico para os desafios do mundo contempor\u00e2neo\u201d. Com efeito, a tem\u00e1tica central do Semin\u00e1rio ser\u00e1 um convite \u00e0 elabora\u00e7\u00e3o de cen\u00e1rios em variadas escalas, campos do conhecimento e perspectivas do mundo em r\u00e1pidas e aceleradas transforma\u00e7\u00f5es de diversas ordens \u2013 clim\u00e1tica, geopol\u00edtica [&hellip;]<\/p>\n","protected":false},"author":1,"featured_media":0,"parent":0,"menu_order":0,"comment_status":"closed","ping_status":"closed","template":"","meta":{"om_disable_all_campaigns":false,"_monsterinsights_skip_tracking":false,"_monsterinsights_sitenote_active":false,"_monsterinsights_sitenote_note":"","_monsterinsights_sitenote_category":0,"_uf_show_specific_survey":0,"_uf_disable_surveys":false,"footnotes":""},"class_list":["post-41","page","type-page","status-publish","hentry"],"aioseo_notices":[],"jetpack_sharing_enabled":true,"_links":{"self":[{"href":"https:\/\/diamantina.cedeplar.ufmg.br\/2024\/wp-json\/wp\/v2\/pages\/41","targetHints":{"allow":["GET"]}}],"collection":[{"href":"https:\/\/diamantina.cedeplar.ufmg.br\/2024\/wp-json\/wp\/v2\/pages"}],"about":[{"href":"https:\/\/diamantina.cedeplar.ufmg.br\/2024\/wp-json\/wp\/v2\/types\/page"}],"author":[{"embeddable":true,"href":"https:\/\/diamantina.cedeplar.ufmg.br\/2024\/wp-json\/wp\/v2\/users\/1"}],"replies":[{"embeddable":true,"href":"https:\/\/diamantina.cedeplar.ufmg.br\/2024\/wp-json\/wp\/v2\/comments?post=41"}],"version-history":[{"count":10,"href":"https:\/\/diamantina.cedeplar.ufmg.br\/2024\/wp-json\/wp\/v2\/pages\/41\/revisions"}],"predecessor-version":[{"id":1270,"href":"https:\/\/diamantina.cedeplar.ufmg.br\/2024\/wp-json\/wp\/v2\/pages\/41\/revisions\/1270"}],"wp:attachment":[{"href":"https:\/\/diamantina.cedeplar.ufmg.br\/2024\/wp-json\/wp\/v2\/media?parent=41"}],"curies":[{"name":"wp","href":"https:\/\/api.w.org\/{rel}","templated":true}]}}