{"id":42,"date":"2024-04-02T14:08:51","date_gmt":"2024-04-02T14:08:51","guid":{"rendered":"https:\/\/diamantina.cedeplar.ufmg.br\/2024\/?page_id=42"},"modified":"2024-06-25T19:10:13","modified_gmt":"2024-06-25T22:10:13","slug":"sobre","status":"publish","type":"page","link":"https:\/\/diamantina.cedeplar.ufmg.br\/2024\/sobre\/","title":{"rendered":"sobre"},"content":{"rendered":"\t\t<div data-elementor-type=\"wp-page\" data-elementor-id=\"42\" class=\"elementor elementor-42\" data-elementor-post-type=\"page\">\n\t\t\t\t<div class=\"elementor-element elementor-element-b5f18e6 e-con-full e-flex e-con e-parent\" data-id=\"b5f18e6\" data-element_type=\"container\" data-settings=\"{&quot;background_background&quot;:&quot;classic&quot;}\">\n\t\t\t\t<div class=\"elementor-element elementor-element-5c1e3ee elementor-widget elementor-widget-spacer\" data-id=\"5c1e3ee\" data-element_type=\"widget\" data-widget_type=\"spacer.default\">\n\t\t\t\t<div class=\"elementor-widget-container\">\n\t\t\t<style>\/*! elementor - v3.21.0 - 24-04-2024 *\/\n.elementor-column .elementor-spacer-inner{height:var(--spacer-size)}.e-con{--container-widget-width:100%}.e-con-inner>.elementor-widget-spacer,.e-con>.elementor-widget-spacer{width:var(--container-widget-width,var(--spacer-size));--align-self:var(--container-widget-align-self,initial);--flex-shrink:0}.e-con-inner>.elementor-widget-spacer>.elementor-widget-container,.e-con>.elementor-widget-spacer>.elementor-widget-container{height:100%;width:100%}.e-con-inner>.elementor-widget-spacer>.elementor-widget-container>.elementor-spacer,.e-con>.elementor-widget-spacer>.elementor-widget-container>.elementor-spacer{height:100%}.e-con-inner>.elementor-widget-spacer>.elementor-widget-container>.elementor-spacer>.elementor-spacer-inner,.e-con>.elementor-widget-spacer>.elementor-widget-container>.elementor-spacer>.elementor-spacer-inner{height:var(--container-widget-height,var(--spacer-size))}.e-con-inner>.elementor-widget-spacer.elementor-widget-empty,.e-con>.elementor-widget-spacer.elementor-widget-empty{position:relative;min-height:22px;min-width:22px}.e-con-inner>.elementor-widget-spacer.elementor-widget-empty .elementor-widget-empty-icon,.e-con>.elementor-widget-spacer.elementor-widget-empty .elementor-widget-empty-icon{position:absolute;top:0;bottom:0;left:0;right:0;margin:auto;padding:0;width:22px;height:22px}<\/style>\t\t<div class=\"elementor-spacer\">\n\t\t\t<div class=\"elementor-spacer-inner\"><\/div>\n\t\t<\/div>\n\t\t\t\t<\/div>\n\t\t\t\t<\/div>\n\t\t\t\t<\/div>\n\t\t<div class=\"elementor-element elementor-element-2cdc0c3 e-grid e-con-full e-con e-parent\" data-id=\"2cdc0c3\" data-element_type=\"container\" data-settings=\"{&quot;background_background&quot;:&quot;classic&quot;}\">\n\t\t\t\t<div class=\"elementor-element elementor-element-39256af elementor-widget__width-initial elementor-widget elementor-widget-heading\" data-id=\"39256af\" data-element_type=\"widget\" data-widget_type=\"heading.default\">\n\t\t\t\t<div class=\"elementor-widget-container\">\n\t\t\t<style>\/*! elementor - v3.21.0 - 24-04-2024 *\/\n.elementor-heading-title{padding:0;margin:0;line-height:1}.elementor-widget-heading .elementor-heading-title[class*=elementor-size-]>a{color:inherit;font-size:inherit;line-height:inherit}.elementor-widget-heading .elementor-heading-title.elementor-size-small{font-size:15px}.elementor-widget-heading .elementor-heading-title.elementor-size-medium{font-size:19px}.elementor-widget-heading .elementor-heading-title.elementor-size-large{font-size:29px}.elementor-widget-heading .elementor-heading-title.elementor-size-xl{font-size:39px}.elementor-widget-heading .elementor-heading-title.elementor-size-xxl{font-size:59px}<\/style><h2 class=\"elementor-heading-title elementor-size-default\">20\u00ba SEMIN\u00c1RIO DE DIAMANTINA<\/h2>\t\t<\/div>\n\t\t\t\t<\/div>\n\t\t\t\t<div class=\"elementor-element elementor-element-ddb03f5 elementor-widget__width-initial elementor-widget elementor-widget-heading\" data-id=\"ddb03f5\" data-element_type=\"widget\" data-widget_type=\"heading.default\">\n\t\t\t\t<div class=\"elementor-widget-container\">\n\t\t\t<h2 class=\"elementor-heading-title elementor-size-default\">Minas Gerais e o Brasil em um mundo em transforma\u00e7\u00f5es: <i>forma\u00e7\u00e3o do pensamento cr\u00edtico para os desafios do mundo contempor\u00e2neo<\/i><\/h2>\t\t<\/div>\n\t\t\t\t<\/div>\n\t\t\t\t<div class=\"elementor-element elementor-element-a85ea81 elementor-widget elementor-widget-text-editor\" data-id=\"a85ea81\" data-element_type=\"widget\" data-widget_type=\"text-editor.default\">\n\t\t\t\t<div class=\"elementor-widget-container\">\n\t\t\t<style>\/*! elementor - v3.21.0 - 24-04-2024 *\/\n.elementor-widget-text-editor.elementor-drop-cap-view-stacked .elementor-drop-cap{background-color:#69727d;color:#fff}.elementor-widget-text-editor.elementor-drop-cap-view-framed .elementor-drop-cap{color:#69727d;border:3px solid;background-color:transparent}.elementor-widget-text-editor:not(.elementor-drop-cap-view-default) .elementor-drop-cap{margin-top:8px}.elementor-widget-text-editor:not(.elementor-drop-cap-view-default) .elementor-drop-cap-letter{width:1em;height:1em}.elementor-widget-text-editor .elementor-drop-cap{float:left;text-align:center;line-height:1;font-size:50px}.elementor-widget-text-editor .elementor-drop-cap-letter{display:inline-block}<\/style>\t\t\t\t<p>\u00c9 com grande satisfa\u00e7\u00e3o que o Cedeplar e a UFMG anunciam a chamada de trabalhos para o 20\u00ba Semin\u00e1rio de Diamantina, que ocorrer\u00e1 entre 18 a 24 de agosto de 2024 na cidade de Diamantina (MG).<br \/><br \/>Em 2024 o Semin\u00e1rio sobre Economia Mineira, organizado pelo Cedeplar, completar\u00e1 42 anos. Independente dos aspectos qualitativos envolvidos, a excel\u00eancia do evento ao longo do tempo, de sua decisiva contribui\u00e7\u00e3o acad\u00eamica, na forma\u00e7\u00e3o de estudantes, no debate sobre temas relevantes para Minas Gerais e o Brasil, o Semin\u00e1rio, que se consagrou com o nome de Semin\u00e1rio de Diamantina, tem significado que transcende a dimens\u00e3o objetiva inerente \u00e0s atividades intelectuais, que resulta do muito de afetividade e emo\u00e7\u00e3o, que ele tem sabido gerar e receber. Parte dessa aura, desse \u201cn\u00e3o-sei-que\u201d de simpatia e alegria que o cerca, deve-se, sem nenhuma d\u00favida, a esta perfeitamente generosa e bela cidade de Diamantina, e \u00e0s suas gentes especialmente acolhedoras. <br \/><br \/>Por outro lado, quarenta e dois anos de um evento acad\u00eamico no Brasil n\u00e3o \u00e9 fen\u00f4meno trivial e deve ser registrado adequadamente. No caso da UFMG, da FACE, do Cedeplar, significa comemorar, celebrar, homenagear, lembrar, sem descuidar de nossas responsabilidades com o interesse p\u00fablico, num momento grave como o atual. Mais uma vez, cabe-nos organizar o Semin\u00e1rio em momento de r\u00e1pidas transforma\u00e7\u00f5es, que se distingue de outras recorrentes crises, que acompanham a hist\u00f3ria brasileira, pelo tr\u00e1gico de suas manifesta\u00e7\u00f5es em variados campos. <br \/><br \/>Com efeito, a tem\u00e1tica central do Semin\u00e1rio ser\u00e1 um convite \u00e0 elabora\u00e7\u00e3o de cen\u00e1rios em variadas escalas, campos do conhecimento e perspectivas do mundo em r\u00e1pidas e aceleradas transforma\u00e7\u00f5es de diversas ordens \u2013 clim\u00e1tica, geopol\u00edtica e energ\u00e9tica, seja em termos cient\u00edficos filos\u00f3ficos e culturais, seja em termos de pol\u00edticas p\u00fablicas e no comportamento geral da sociedade.<\/p>\t\t\t\t\t\t<\/div>\n\t\t\t\t<\/div>\n\t\t\t\t<\/div>\n\t\t<div class=\"elementor-element elementor-element-210e1c1 e-con-full e-flex e-con e-parent\" data-id=\"210e1c1\" data-element_type=\"container\" data-settings=\"{&quot;background_background&quot;:&quot;gradient&quot;}\">\n\t\t\t\t<div class=\"elementor-element elementor-element-8c0d8a3 elementor-widget elementor-widget-image\" data-id=\"8c0d8a3\" data-element_type=\"widget\" data-widget_type=\"image.default\">\n\t\t\t\t<div class=\"elementor-widget-container\">\n\t\t\t<style>\/*! elementor - v3.21.0 - 24-04-2024 *\/\n.elementor-widget-image{text-align:center}.elementor-widget-image a{display:inline-block}.elementor-widget-image a img[src$=\".svg\"]{width:48px}.elementor-widget-image img{vertical-align:middle;display:inline-block}<\/style>\t\t\t\t\t\t\t\t\t\t<img fetchpriority=\"high\" decoding=\"async\" width=\"768\" height=\"489\" src=\"https:\/\/diamantina.cedeplar.ufmg.br\/2024\/wp-content\/uploads\/2024\/04\/cartaz-diam-24-768x489.png\" class=\"attachment-medium_large size-medium_large wp-image-613\" alt=\"\" srcset=\"https:\/\/diamantina.cedeplar.ufmg.br\/2024\/wp-content\/uploads\/2024\/04\/cartaz-diam-24-768x489.png 768w, https:\/\/diamantina.cedeplar.ufmg.br\/2024\/wp-content\/uploads\/2024\/04\/cartaz-diam-24-300x191.png 300w, https:\/\/diamantina.cedeplar.ufmg.br\/2024\/wp-content\/uploads\/2024\/04\/cartaz-diam-24.png 770w\" sizes=\"(max-width: 768px) 100vw, 768px\" \/>\t\t\t\t\t\t\t\t\t\t\t\t\t<\/div>\n\t\t\t\t<\/div>\n\t\t\t\t<\/div>\n\t\t<div class=\"elementor-element elementor-element-7a1cab0 e-con-full e-flex e-con e-parent\" data-id=\"7a1cab0\" data-element_type=\"container\" data-settings=\"{&quot;background_background&quot;:&quot;classic&quot;}\">\n\t\t\t\t<div class=\"elementor-element elementor-element-e515672 elementor-widget elementor-widget-text-editor\" data-id=\"e515672\" data-element_type=\"widget\" data-widget_type=\"text-editor.default\">\n\t\t\t\t<div class=\"elementor-widget-container\">\n\t\t\t\t\t\t\t<div class=\"base__content p-16\"><p><strong>1. ECONOMIA<\/strong><\/p><p>\u00c1reas de economia da ci\u00eancia, tecnologia e inova\u00e7\u00e3o, desenvolvimento, economia regional e urbana, economia do trabalho, economia da educa\u00e7\u00e3o e economia da sa\u00fade, pobreza e desigualdade, finan\u00e7as publicas, agricultura, ind\u00fastria e servi\u00e7os, economia da cultura, economia do meio ambiente, macroeconomia aplicada.<\/p><p><strong>2. DEMOGRAFIA<\/strong><\/p><p>Migra\u00e7\u00e3o, comportamento reprodutivo, mortalidade, popula\u00e7\u00e3o e sa\u00fade, demografia econ\u00f4mica, popula\u00e7\u00e3o e mudan\u00e7as clim\u00e1ticas, demografia da fam\u00edlia, envelhecimento, demografia da educa\u00e7\u00e3o, sistemas de previd\u00eancia, povos ind\u00edgenas, entre outros temas.<\/p><p><strong>3. HIST\u00d3RIA ECON\u00d4MICA, DO PENSAMENTO ECON\u00d4MICO E DEMOGRAFIA HIST\u00d3RICA<\/strong><\/p><p>T\u00f3picos como sistemas escravistas, fam\u00edlia e cotidiano, urbaniza\u00e7\u00e3o e comercio, ind\u00fastria e processo de trabalho, espa\u00e7o econ\u00f4mico e din\u00e2mica demogr\u00e1fica, em temporalidades distintas, do s\u00e9culo XVIII ao XX, assim como pesquisas relacionadas \u00e0 hist\u00f3ria do pensamento econ\u00f4mico e social de forma ampla.<\/p><p><strong>4. POL\u00cdTICAS P\u00daBLICAS: G\u00caNERO, RA\u00c7A, INCLUS\u00c3O<\/strong><\/p><p>Avalia\u00e7\u00e3o de pol\u00edticas p\u00fablicas; popula\u00e7\u00e3o e pol\u00edticas p\u00fablicas; pol\u00edticas p\u00fablicas e desenvolvimento; impactos sobre g\u00eanero, ra\u00e7a e suas implica\u00e7\u00f5es sobre inclus\u00e3o e inser\u00e7\u00e3o social; planejamento urbano, planejamento regional, pol\u00edticas territoriais<\/p><p><strong>5. RELA\u00c7\u00d5ES ECON\u00d4MICAS INTERNACIONAIS<\/strong><\/p><p>Economia Pol\u00edtica Internacional, transforma\u00e7\u00f5es geopol\u00edticas globais, blocos econ\u00f4micos e integra\u00e7\u00e3o, institui\u00e7\u00f5es multilaterais, com\u00e9rcio internacional, migra\u00e7\u00f5es internacionais, entre outros temas.<\/p><p><strong>6. TRANSFORMA\u00c7\u00d5ES GEOPOL\u00cdTICAS<\/strong><\/p><p>Impactos das profundas transforma\u00e7\u00f5es geopol\u00edticas no mundo atual e suas implica\u00e7\u00f5es econ\u00f4micas, sociais e demogr\u00e1ficas para a Am\u00e9rica Latina, Brasil e Minas Gerais.<\/p><\/div>\t\t\t\t\t\t<\/div>\n\t\t\t\t<\/div>\n\t\t\t\t<\/div>\n\t\t<div class=\"elementor-element elementor-element-7cc6f1c e-flex e-con-boxed e-con e-parent\" data-id=\"7cc6f1c\" data-element_type=\"container\" data-settings=\"{&quot;background_background&quot;:&quot;classic&quot;}\">\n\t\t\t\t\t<div class=\"e-con-inner\">\n\t\t\t\t<div class=\"elementor-element elementor-element-5f307bb elementor-skin-carousel elementor-arrows-yes elementor-pagination-type-bullets elementor-pagination-position-outside elementor-widget elementor-widget-media-carousel\" data-id=\"5f307bb\" data-element_type=\"widget\" data-settings=\"{&quot;slides_per_view&quot;:&quot;3&quot;,&quot;slides_to_scroll&quot;:&quot;3&quot;,&quot;autoplay_speed&quot;:4000,&quot;skin&quot;:&quot;carousel&quot;,&quot;effect&quot;:&quot;slide&quot;,&quot;show_arrows&quot;:&quot;yes&quot;,&quot;pagination&quot;:&quot;bullets&quot;,&quot;speed&quot;:500,&quot;autoplay&quot;:&quot;yes&quot;,&quot;loop&quot;:&quot;yes&quot;,&quot;pause_on_hover&quot;:&quot;yes&quot;,&quot;pause_on_interaction&quot;:&quot;yes&quot;,&quot;space_between&quot;:{&quot;unit&quot;:&quot;px&quot;,&quot;size&quot;:10,&quot;sizes&quot;:[]},&quot;space_between_tablet&quot;:{&quot;unit&quot;:&quot;px&quot;,&quot;size&quot;:10,&quot;sizes&quot;:[]},&quot;space_between_mobile&quot;:{&quot;unit&quot;:&quot;px&quot;,&quot;size&quot;:10,&quot;sizes&quot;:[]}}\" data-widget_type=\"media-carousel.default\">\n\t\t\t\t<div class=\"elementor-widget-container\">\n\t\t\t<link rel=\"stylesheet\" href=\"https:\/\/diamantina.cedeplar.ufmg.br\/2024\/wp-content\/plugins\/elementor-pro\/assets\/css\/widget-carousel.min.css\">\t\t<div class=\"elementor-swiper\">\n\t\t\t<div class=\"elementor-main-swiper swiper\">\n\t\t\t\t<div class=\"swiper-wrapper\">\n\t\t\t\t\t\t\t\t\t\t\t<div class=\"swiper-slide\">\n\t\t\t\t\t\t\t\t\t<div class=\"elementor-carousel-image\" role=\"img\" aria-label=\"1-300x225\" style=\"background-image: url(&#039;https:\/\/diamantina.cedeplar.ufmg.br\/2024\/wp-content\/uploads\/2024\/04\/1-300x225-1.jpg&#039;)\">\n\n\t\t\t\n\t\t\t\t\t<\/div>\n\t\t\t\t\t\t\t\t<\/div>\n\t\t\t\t\t\t\t\t\t\t\t<div class=\"swiper-slide\">\n\t\t\t\t\t\t\t\t\t<div class=\"elementor-carousel-image\" role=\"img\" aria-label=\"2-300x200\" style=\"background-image: url(&#039;https:\/\/diamantina.cedeplar.ufmg.br\/2024\/wp-content\/uploads\/2024\/04\/2-300x200-1.jpg&#039;)\">\n\n\t\t\t\n\t\t\t\t\t<\/div>\n\t\t\t\t\t\t\t\t<\/div>\n\t\t\t\t\t\t\t\t\t\t\t<div class=\"swiper-slide\">\n\t\t\t\t\t\t\t\t\t<div class=\"elementor-carousel-image\" role=\"img\" aria-label=\"3-300x200\" style=\"background-image: url(&#039;https:\/\/diamantina.cedeplar.ufmg.br\/2024\/wp-content\/uploads\/2024\/04\/3-300x200-1.jpg&#039;)\">\n\n\t\t\t\n\t\t\t\t\t<\/div>\n\t\t\t\t\t\t\t\t<\/div>\n\t\t\t\t\t\t\t\t\t\t\t<div class=\"swiper-slide\">\n\t\t\t\t\t\t\t\t\t<div class=\"elementor-carousel-image\" role=\"img\" aria-label=\"14-300x200\" style=\"background-image: url(&#039;https:\/\/diamantina.cedeplar.ufmg.br\/2024\/wp-content\/uploads\/2024\/04\/14-300x200-1.jpg&#039;)\">\n\n\t\t\t\n\t\t\t\t\t<\/div>\n\t\t\t\t\t\t\t\t<\/div>\n\t\t\t\t\t\t\t\t\t\t\t<div class=\"swiper-slide\">\n\t\t\t\t\t\t\t\t\t<div class=\"elementor-carousel-image\" role=\"img\" aria-label=\"4-300x200\" style=\"background-image: url(&#039;https:\/\/diamantina.cedeplar.ufmg.br\/2024\/wp-content\/uploads\/2024\/04\/4-300x200-1.jpg&#039;)\">\n\n\t\t\t\n\t\t\t\t\t<\/div>\n\t\t\t\t\t\t\t\t<\/div>\n\t\t\t\t\t\t\t\t\t\t\t<div class=\"swiper-slide\">\n\t\t\t\t\t\t\t\t\t<div class=\"elementor-carousel-image\" role=\"img\" aria-label=\"6-300x200\" style=\"background-image: url(&#039;https:\/\/diamantina.cedeplar.ufmg.br\/2024\/wp-content\/uploads\/2024\/04\/6-300x200-2.jpg&#039;)\">\n\n\t\t\t\n\t\t\t\t\t<\/div>\n\t\t\t\t\t\t\t\t<\/div>\n\t\t\t\t\t\t\t\t\t\t\t<div class=\"swiper-slide\">\n\t\t\t\t\t\t\t\t\t<div class=\"elementor-carousel-image\" role=\"img\" aria-label=\"5-300x200\" style=\"background-image: url(&#039;https:\/\/diamantina.cedeplar.ufmg.br\/2024\/wp-content\/uploads\/2024\/04\/5-300x200-1.jpg&#039;)\">\n\n\t\t\t\n\t\t\t\t\t<\/div>\n\t\t\t\t\t\t\t\t<\/div>\n\t\t\t\t\t\t\t\t\t\t\t<div class=\"swiper-slide\">\n\t\t\t\t\t\t\t\t\t<div class=\"elementor-carousel-image\" role=\"img\" aria-label=\"10-300x200\" style=\"background-image: url(&#039;https:\/\/diamantina.cedeplar.ufmg.br\/2024\/wp-content\/uploads\/2024\/04\/10-300x200-1.jpg&#039;)\">\n\n\t\t\t\n\t\t\t\t\t<\/div>\n\t\t\t\t\t\t\t\t<\/div>\n\t\t\t\t\t\t\t\t\t\t\t<div class=\"swiper-slide\">\n\t\t\t\t\t\t\t\t\t<div class=\"elementor-carousel-image\" role=\"img\" aria-label=\"13-300x200\" style=\"background-image: url(&#039;https:\/\/diamantina.cedeplar.ufmg.br\/2024\/wp-content\/uploads\/2024\/04\/13-300x200-1.jpg&#039;)\">\n\n\t\t\t\n\t\t\t\t\t<\/div>\n\t\t\t\t\t\t\t\t<\/div>\n\t\t\t\t\t\t\t\t\t\t\t<div class=\"swiper-slide\">\n\t\t\t\t\t\t\t\t\t<div class=\"elementor-carousel-image\" role=\"img\" aria-label=\"11-300x200\" style=\"background-image: url(&#039;https:\/\/diamantina.cedeplar.ufmg.br\/2024\/wp-content\/uploads\/2024\/04\/11-300x200-1.jpg&#039;)\">\n\n\t\t\t\n\t\t\t\t\t<\/div>\n\t\t\t\t\t\t\t\t<\/div>\n\t\t\t\t\t\t\t\t\t\t\t<div class=\"swiper-slide\">\n\t\t\t\t\t\t\t\t\t<div class=\"elementor-carousel-image\" role=\"img\" aria-label=\"9-300x200\" style=\"background-image: url(&#039;https:\/\/diamantina.cedeplar.ufmg.br\/2024\/wp-content\/uploads\/2024\/04\/9-300x200-1.jpg&#039;)\">\n\n\t\t\t\n\t\t\t\t\t<\/div>\n\t\t\t\t\t\t\t\t<\/div>\n\t\t\t\t\t\t\t\t\t\t\t<div class=\"swiper-slide\">\n\t\t\t\t\t\t\t\t\t<div class=\"elementor-carousel-image\" role=\"img\" aria-label=\"15-300x200\" style=\"background-image: url(&#039;https:\/\/diamantina.cedeplar.ufmg.br\/2024\/wp-content\/uploads\/2024\/04\/15-300x200-1.jpg&#039;)\">\n\n\t\t\t\n\t\t\t\t\t<\/div>\n\t\t\t\t\t\t\t\t<\/div>\n\t\t\t\t\t\t\t\t\t<\/div>\n\t\t\t\t\t\t\t\t\t\t\t\t\t\t\t<div class=\"swiper-pagination\"><\/div>\n\t\t\t\t\t\t\t\t\t\t\t\t\t\t\t\t<div class=\"elementor-swiper-button elementor-swiper-button-prev\" role=\"button\" tabindex=\"0\">\n\t\t\t\t\t\t\t<svg aria-hidden=\"true\" class=\"e-font-icon-svg e-eicon-chevron-left\" viewBox=\"0 0 1000 1000\" xmlns=\"http:\/\/www.w3.org\/2000\/svg\"><path d=\"M646 125C629 125 613 133 604 142L308 442C296 454 292 471 292 487 292 504 296 521 308 533L604 854C617 867 629 875 646 875 663 875 679 871 692 858 704 846 713 829 713 812 713 796 708 779 692 767L438 487 692 225C700 217 708 204 708 187 708 171 704 154 692 142 675 129 663 125 646 125Z\"><\/path><\/svg>\t\t\t\t\t\t\t<span class=\"elementor-screen-only\">Anterior<\/span>\n\t\t\t\t\t\t<\/div>\n\t\t\t\t\t\t<div class=\"elementor-swiper-button elementor-swiper-button-next\" role=\"button\" tabindex=\"0\">\n\t\t\t\t\t\t\t<svg aria-hidden=\"true\" class=\"e-font-icon-svg e-eicon-chevron-right\" viewBox=\"0 0 1000 1000\" xmlns=\"http:\/\/www.w3.org\/2000\/svg\"><path d=\"M696 533C708 521 713 504 713 487 713 471 708 454 696 446L400 146C388 133 375 125 354 125 338 125 325 129 313 142 300 154 292 171 292 187 292 204 296 221 308 233L563 492 304 771C292 783 288 800 288 817 288 833 296 850 308 863 321 871 338 875 354 875 371 875 388 867 400 854L696 533Z\"><\/path><\/svg>\t\t\t\t\t\t\t<span class=\"elementor-screen-only\">Pr\u00f3ximo<\/span>\n\t\t\t\t\t\t<\/div>\n\t\t\t\t\t\t\t\t\t\t\t\t<\/div>\n\t\t<\/div>\n\t\t\t\t<\/div>\n\t\t\t\t<\/div>\n\t\t\t\t\t<\/div>\n\t\t\t\t<\/div>\n\t\t\t\t<\/div>\n\t\t","protected":false},"excerpt":{"rendered":"<p>20\u00ba SEMIN\u00c1RIO DE DIAMANTINA Minas Gerais e o Brasil em um mundo em transforma\u00e7\u00f5es: forma\u00e7\u00e3o do pensamento cr\u00edtico para os desafios do mundo contempor\u00e2neo \u00c9 com grande satisfa\u00e7\u00e3o que o Cedeplar e a UFMG anunciam a chamada de trabalhos para o 20\u00ba Semin\u00e1rio de Diamantina, que ocorrer\u00e1 entre 18 a 24 de agosto de 2024 [&hellip;]<\/p>\n","protected":false},"author":1,"featured_media":0,"parent":0,"menu_order":0,"comment_status":"closed","ping_status":"closed","template":"","meta":{"om_disable_all_campaigns":false,"_monsterinsights_skip_tracking":false,"_monsterinsights_sitenote_active":false,"_monsterinsights_sitenote_note":"","_monsterinsights_sitenote_category":0,"_uf_show_specific_survey":0,"_uf_disable_surveys":false,"footnotes":""},"class_list":["post-42","page","type-page","status-publish","hentry"],"aioseo_notices":[],"jetpack_sharing_enabled":true,"_links":{"self":[{"href":"https:\/\/diamantina.cedeplar.ufmg.br\/2024\/wp-json\/wp\/v2\/pages\/42","targetHints":{"allow":["GET"]}}],"collection":[{"href":"https:\/\/diamantina.cedeplar.ufmg.br\/2024\/wp-json\/wp\/v2\/pages"}],"about":[{"href":"https:\/\/diamantina.cedeplar.ufmg.br\/2024\/wp-json\/wp\/v2\/types\/page"}],"author":[{"embeddable":true,"href":"https:\/\/diamantina.cedeplar.ufmg.br\/2024\/wp-json\/wp\/v2\/users\/1"}],"replies":[{"embeddable":true,"href":"https:\/\/diamantina.cedeplar.ufmg.br\/2024\/wp-json\/wp\/v2\/comments?post=42"}],"version-history":[{"count":10,"href":"https:\/\/diamantina.cedeplar.ufmg.br\/2024\/wp-json\/wp\/v2\/pages\/42\/revisions"}],"predecessor-version":[{"id":1433,"href":"https:\/\/diamantina.cedeplar.ufmg.br\/2024\/wp-json\/wp\/v2\/pages\/42\/revisions\/1433"}],"wp:attachment":[{"href":"https:\/\/diamantina.cedeplar.ufmg.br\/2024\/wp-json\/wp\/v2\/media?parent=42"}],"curies":[{"name":"wp","href":"https:\/\/api.w.org\/{rel}","templated":true}]}}